{"id":68,"date":"2019-06-03T15:07:06","date_gmt":"2019-06-03T15:07:06","guid":{"rendered":"https:\/\/jordanhof.at\/backend_anmelden\/?page_id=68"},"modified":"2021-08-17T06:31:26","modified_gmt":"2021-08-17T06:31:26","slug":"mgv","status":"publish","type":"page","link":"https:\/\/jordanhof.at\/index.php\/mgv\/","title":{"rendered":"Vereine"},"content":{"rendered":"<p>[et_pb_section fb_built=&#8220;1&#8243; admin_label=&#8220;Header&#8220; _builder_version=&#8220;4.6.0&#8243; use_background_color_gradient=&#8220;on&#8220; background_color_gradient_start=&#8220;#d2ad6d&#8220; background_color_gradient_end=&#8220;rgba(255,255,255,0.56)&#8220; background_color_gradient_direction=&#8220;86deg&#8220; background_color_gradient_start_position=&#8220;13%&#8220; background_color_gradient_overlays_image=&#8220;on&#8220; background_enable_image=&#8220;off&#8220; width=&#8220;100%&#8220; max_width=&#8220;100%&#8220; max_width_tablet=&#8220;&#8220; max_width_phone=&#8220;&#8220; max_width_last_edited=&#8220;on|desktop&#8220; custom_padding=&#8220;80px||99px||false|false&#8220;][et_pb_row _builder_version=&#8220;3.25&#8243; background_size=&#8220;initial&#8220; background_position=&#8220;top_right&#8220; custom_margin=&#8220;|auto|6px|auto||&#8220; custom_padding=&#8220;0px|40px|4px|40px||&#8220; border_width_all=&#8220;1px&#8220; border_color_all=&#8220;rgba(0,0,0,0.12)&#8220; locked=&#8220;off&#8220;][et_pb_column type=&#8220;4_4&#8243; _builder_version=&#8220;3.25&#8243; custom_padding=&#8220;|||&#8220; custom_padding__hover=&#8220;|||&#8220;][et_pb_image src=&#8220;https:\/\/jordanhof.at\/backend_anmelden\/wp-content\/uploads\/2019\/06\/Favicon-296&#215;300.png&#8220; title_text=&#8220;Favicon&#8220; align=&#8220;right&#8220; _builder_version=&#8220;4.6.0&#8243; max_width=&#8220;200px&#8220; max_width_tablet=&#8220;&#8220; max_width_phone=&#8220;120px&#8220; max_width_last_edited=&#8220;on|phone&#8220; custom_margin=&#8220;-29px|-8vw|||false|false&#8220; custom_margin_tablet=&#8220;||-100px&#8220; custom_margin_phone=&#8220;-110px|-8vw|-20px|&#8220; custom_margin_last_edited=&#8220;on|phone&#8220; always_center_on_mobile=&#8220;off&#8220; locked=&#8220;off&#8220;][\/et_pb_image][et_pb_text admin_label=&#8220;Vereine&#8220; _builder_version=&#8220;4.6.0&#8243; header_font=&#8220;||||||||&#8220; header_2_font=&#8220;Muli|800||on|||||&#8220; header_2_font_size=&#8220;12px&#8220; header_2_letter_spacing=&#8220;0.7em&#8220; transform_scale_tablet=&#8220;&#8220; transform_scale_phone=&#8220;&#8220; transform_scale_last_edited=&#8220;on|tablet&#8220; transform_translate=&#8220;-100px|0px&#8220; transform_translate_tablet=&#8220;0px|0px&#8220; transform_translate_phone=&#8220;&#8220; transform_translate_last_edited=&#8220;on|tablet&#8220; transform_translate_linked=&#8220;off&#8220; transform_rotate=&#8220;0deg|0deg|270deg&#8220; transform_rotate_tablet=&#8220;0deg|0deg|0deg&#8220; transform_rotate_phone=&#8220;&#8220; transform_rotate_last_edited=&#8220;on|desktop&#8220; transform_skew_tablet=&#8220;&#8220; transform_skew_phone=&#8220;&#8220; transform_skew_last_edited=&#8220;on|desktop&#8220; transform_origin=&#8220;0%|50%&#8220; transform_origin_tablet=&#8220;&#8220; transform_origin_phone=&#8220;&#8220; transform_origin_last_edited=&#8220;on|desktop&#8220; transform_styles_last_edited=&#8220;on|tablet&#8220; max_width=&#8220;150px&#8220; custom_margin=&#8220;||-60px&#8220; custom_margin_tablet=&#8220;||20px&#8220; custom_margin_phone=&#8220;&#8220; custom_margin_last_edited=&#8220;on|tablet&#8220; transform_styles_tablet=&#8220;&#8220; transform_styles_phone=&#8220;&#8220; locked=&#8220;off&#8220;]<\/p>\n<h2>Vereine<\/h2>\n<p>[\/et_pb_text][et_pb_text _builder_version=&#8220;4.6.0&#8243; text_font=&#8220;Muli||||||||&#8220; text_font_size=&#8220;17px&#8220; text_line_height=&#8220;2em&#8220; header_font=&#8220;||||||||&#8220; header_3_font=&#8220;Montserrat|600|||||||&#8220; header_3_font_size=&#8220;70px&#8220; header_3_line_height=&#8220;1.2em&#8220; background_enable_color=&#8220;off&#8220; background_color_gradient_direction=&#8220;90deg&#8220; max_width=&#8220;700px&#8220; custom_margin=&#8220;-126px||0px|-70px||&#8220; custom_margin_tablet=&#8220;0px||20px&#8220; custom_margin_phone=&#8220;|||-56px&#8220; custom_margin_last_edited=&#8220;on|phone&#8220; text_font_size_tablet=&#8220;&#8220; text_font_size_phone=&#8220;15px&#8220; text_font_size_last_edited=&#8220;on|desktop&#8220; text_line_height_tablet=&#8220;&#8220; text_line_height_phone=&#8220;1.7em&#8220; text_line_height_last_edited=&#8220;on|phone&#8220; header_3_font_size_tablet=&#8220;50px&#8220; header_3_font_size_phone=&#8220;30px&#8220; header_3_font_size_last_edited=&#8220;on|phone&#8220;]<\/p>\n<h3>Vereine im Jordanhof<\/h3>\n<p>&nbsp;<\/p>\n<p>[\/et_pb_text][\/et_pb_column][\/et_pb_row][\/et_pb_section][et_pb_section fb_built=&#8220;1&#8243; admin_label=&#8220;About Me&#8220; _builder_version=&#8220;4.9.7&#8243;][et_pb_row column_structure=&#8220;1_2,1_2&#8243; _builder_version=&#8220;4.9.7&#8243; max_width=&#8220;none&#8220; custom_margin=&#8220;|auto|-54px|auto||&#8220; locked=&#8220;off&#8220;][et_pb_column type=&#8220;1_2&#8243; _builder_version=&#8220;3.25&#8243; custom_padding=&#8220;|||&#8220; custom_padding__hover=&#8220;|||&#8220;][et_pb_image src=&#8220;https:\/\/jordanhof.at\/backend_anmelden\/wp-content\/uploads\/2021\/07\/mgv-steinfeld.jpg&#8220; title_text=&#8220;mgv-steinfeld&#8220; _builder_version=&#8220;4.9.7&#8243; _module_preset=&#8220;default&#8220;][\/et_pb_image][\/et_pb_column][et_pb_column type=&#8220;1_2&#8243; _builder_version=&#8220;4.6.0&#8243; custom_padding=&#8220;|15%|||false|false&#8220; custom_padding__hover=&#8220;|||&#8220;][et_pb_text _builder_version=&#8220;3.27.4&#8243; text_font=&#8220;Muli||||||||&#8220; text_font_size=&#8220;13px&#8220; text_line_height=&#8220;2em&#8220; header_font=&#8220;||||||||&#8220; header_2_font=&#8220;||||||||&#8220; header_3_font=&#8220;Montserrat|600|||||||&#8220; header_3_font_size=&#8220;36px&#8220; header_3_line_height=&#8220;1.2em&#8220; header_4_font=&#8220;||||||||&#8220; background_color=&#8220;#ffffff&#8220; background_color_gradient_direction=&#8220;90deg&#8220; max_width=&#8220;700px&#8220; custom_margin_tablet=&#8220;0px||20px&#8220; custom_margin_phone=&#8220;|||-56px&#8220; custom_margin_last_edited=&#8220;off|phone&#8220; text_font_size_tablet=&#8220;&#8220; text_font_size_phone=&#8220;15px&#8220; text_font_size_last_edited=&#8220;on|desktop&#8220; text_line_height_tablet=&#8220;&#8220; text_line_height_phone=&#8220;1.7em&#8220; text_line_height_last_edited=&#8220;on|phone&#8220; header_3_font_size_tablet=&#8220;50px&#8220; header_3_font_size_phone=&#8220;30px&#8220; header_3_font_size_last_edited=&#8220;on|phone&#8220; locked=&#8220;off&#8220;]<\/p>\n<h3>MGV Steinfeld<\/h3>\n<p>[\/et_pb_text][et_pb_text _builder_version=&#8220;4.9.7&#8243; text_font=&#8220;|300|||||||&#8220; text_font_size=&#8220;17px&#8220; text_line_height=&#8220;1.8em&#8220; header_font=&#8220;||||||||&#8220; width_tablet=&#8220;100%&#8220; width_last_edited=&#8220;off|desktop&#8220; module_alignment=&#8220;left&#8220; text_font_size_tablet=&#8220;&#8220; text_font_size_phone=&#8220;15px&#8220; text_font_size_last_edited=&#8220;on|phone&#8220; text_line_height_tablet=&#8220;&#8220; text_line_height_phone=&#8220;1.7em&#8220; text_line_height_last_edited=&#8220;on|phone&#8220;]<\/p>\n<p><span>Der MGV Steinfeld kann auf eine lange und ereignisreiche Geschichte zur\u00fcckblicken. Als Obmann leitet Helmut Traar seit 2017 die Geschicke des Vereines. Etwa 30 Mitglieder widmen sich vor allem dem traditionellen K\u00e4rntnerlied aber auch geistlichen Liedern und Liedern aus aller Welt. Unter der musikalischen Leitung von Walter Unterpirker (seit 1968!) gab es zahlreiche H\u00f6hepunkte im Vereinsleben, wie die Messgestaltung bei den Musikwochen in Millstatt und beim Carinthischen Sommer in Ossiach, sowie Auftritte bei der Fernsehsendung &#8222;Klingendes \u00d6sterreich&#8220; mit Sepp Forcher. Seine hohe musikalische Qualit\u00e4t stellte Walter Unterpirker mit seinen M\u00e4nnern beim 5. K\u00e4rntner Chorwettbewerb 2001 in Feldkirchen unter Beweis. In der Kategorie M\u00e4nnerch\u00f6re erreichte der MGV-Steinfeld einen ausgezeichneten Erfolg. <\/span><\/p>\n<p>[\/et_pb_text][et_pb_text _builder_version=&#8220;4.6.0&#8243; text_font=&#8220;||||||||&#8220; text_text_color=&#8220;#d2ad6d&#8220; header_font=&#8220;||||||||&#8220; header_3_font=&#8220;||||||||&#8220; header_3_text_color=&#8220;#0c71c3&#8243; header_5_text_color=&#8220;#d2ad6d&#8220; header_5_font_size=&#8220;18px&#8220; header_5_line_height=&#8220;1.4em&#8220; min_height=&#8220;50px&#8220; custom_padding=&#8220;3px||21px|||&#8220;]<\/p>\n<h5><a href=\"http:\/\/www.mgv-steinfeld.at\" target=\"_blank\" rel=\"noopener noreferrer\"><span>Hier<\/span> geht&#8217;s zur Website des MGV<\/a>!<\/h5>\n<p>[\/et_pb_text][\/et_pb_column][\/et_pb_row][\/et_pb_section][et_pb_section fb_built=&#8220;1&#8243; admin_label=&#8220;About Me&#8220; _builder_version=&#8220;3.22.7&#8243;][et_pb_row column_structure=&#8220;1_2,1_2&#8243; _builder_version=&#8220;4.9.7&#8243; max_width=&#8220;none&#8220; custom_margin=&#8220;|auto|-54px|auto||&#8220; locked=&#8220;off&#8220;][et_pb_column type=&#8220;1_2&#8243; _builder_version=&#8220;3.25&#8243; custom_padding=&#8220;|||&#8220; custom_padding__hover=&#8220;|||&#8220;][et_pb_image src=&#8220;https:\/\/jordanhof.at\/backend_anmelden\/wp-content\/uploads\/2021\/07\/gemischterchor.jpg&#8220; title_text=&#8220;gemischterchor&#8220; _builder_version=&#8220;4.9.7&#8243; _module_preset=&#8220;default&#8220;][\/et_pb_image][\/et_pb_column][et_pb_column type=&#8220;1_2&#8243; _builder_version=&#8220;4.6.0&#8243; custom_padding=&#8220;|15%|||false|false&#8220; custom_padding__hover=&#8220;|||&#8220;][et_pb_text _builder_version=&#8220;4.6.0&#8243; text_font=&#8220;Muli||||||||&#8220; text_font_size=&#8220;13px&#8220; text_line_height=&#8220;2em&#8220; header_font=&#8220;||||||||&#8220; header_2_font=&#8220;||||||||&#8220; header_3_font=&#8220;Montserrat|600|||||||&#8220; header_3_font_size=&#8220;36px&#8220; header_3_line_height=&#8220;1.2em&#8220; header_4_font=&#8220;||||||||&#8220; background_color=&#8220;#ffffff&#8220; background_color_gradient_direction=&#8220;90deg&#8220; max_width=&#8220;700px&#8220; custom_margin_tablet=&#8220;0px||20px&#8220; custom_margin_phone=&#8220;|||-56px&#8220; custom_margin_last_edited=&#8220;off|phone&#8220; text_font_size_tablet=&#8220;&#8220; text_font_size_phone=&#8220;15px&#8220; text_font_size_last_edited=&#8220;on|desktop&#8220; text_line_height_tablet=&#8220;&#8220; text_line_height_phone=&#8220;1.7em&#8220; text_line_height_last_edited=&#8220;on|phone&#8220; header_3_font_size_tablet=&#8220;50px&#8220; header_3_font_size_phone=&#8220;30px&#8220; header_3_font_size_last_edited=&#8220;on|phone&#8220; locked=&#8220;off&#8220;]<\/p>\n<h3>Gemischter Chor<\/h3>\n<p>[\/et_pb_text][et_pb_text _builder_version=&#8220;4.9.7&#8243; text_font=&#8220;|300|||||||&#8220; text_font_size=&#8220;17px&#8220; text_line_height=&#8220;1.8em&#8220; header_font=&#8220;||||||||&#8220; width_tablet=&#8220;100%&#8220; width_last_edited=&#8220;off|desktop&#8220; module_alignment=&#8220;left&#8220; text_font_size_tablet=&#8220;&#8220; text_font_size_phone=&#8220;15px&#8220; text_font_size_last_edited=&#8220;on|desktop&#8220; text_line_height_tablet=&#8220;&#8220; text_line_height_phone=&#8220;1.7em&#8220; text_line_height_last_edited=&#8220;on|phone&#8220;]<\/p>\n<p><span>Der Chor hat 29 Mitglieder, als Obfrau steht dem Verein seit 2017 Frau Maria Lerchster vor. Der Chor beteiligt sich an zahlreichen Veranstaltungen in der Gemeinde, wobei vor allem die Mitwirkung bei den Steinfelder Kulturtagen, die Gestaltung von Festgottesdiensten sowie die Beteiligung am Knappenmarkt und am Steinfelder Kirchtag zu erw\u00e4hnen ist.\u00a0<\/span><br \/><span>Gastkonzerte im In- und Ausland zeugen von der gro\u00dfartigen musikalischen Leistung des Gemischten Chores Steinfeld, wobei die Auff\u00fchrung \u201eDes S\u00e4ngers Fluch\u201c sowie die Rundfunk- und Schallplattenaufnahmen der \u201eSteinfelder Marienmesse\u201c besonders hervorzuheben sind.<\/span><\/p>\n<p>[\/et_pb_text][et_pb_text _builder_version=&#8220;4.6.0&#8243; text_font=&#8220;||||||||&#8220; text_text_color=&#8220;#d2ad6d&#8220; header_font=&#8220;||||||||&#8220; header_3_font=&#8220;||||||||&#8220; header_3_text_color=&#8220;#0c71c3&#8243; header_5_text_color=&#8220;#d2ad6d&#8220; header_5_font_size=&#8220;18px&#8220; header_5_line_height=&#8220;1.4em&#8220; min_height=&#8220;50px&#8220; custom_padding=&#8220;3px||21px|||&#8220;]<\/p>\n<h5>Um mit dem Gemischten Chor Kontakt aufzunehmen, wenden Sie sich bitte an die Obfrau Maria Lerchster: 0676\/7446484<\/h5>\n<p>[\/et_pb_text][\/et_pb_column][\/et_pb_row][\/et_pb_section][et_pb_section fb_built=&#8220;1&#8243; admin_label=&#8220;About Me&#8220; _builder_version=&#8220;3.22.7&#8243;][et_pb_row column_structure=&#8220;1_2,1_2&#8243; _builder_version=&#8220;4.9.7&#8243; max_width=&#8220;none&#8220; custom_margin=&#8220;|auto|-54px|auto||&#8220; locked=&#8220;off&#8220;][et_pb_column type=&#8220;1_2&#8243; _builder_version=&#8220;3.25&#8243; custom_padding=&#8220;|||&#8220; custom_padding__hover=&#8220;|||&#8220;][et_pb_image src=&#8220;https:\/\/jordanhof.at\/backend_anmelden\/wp-content\/uploads\/2021\/07\/Schtzen-Gruppenfoto1.jpg&#8220; title_text=&#8220;Schtzen-Gruppenfoto1&#8243; _builder_version=&#8220;4.9.7&#8243; _module_preset=&#8220;default&#8220;][\/et_pb_image][\/et_pb_column][et_pb_column type=&#8220;1_2&#8243; _builder_version=&#8220;4.6.0&#8243; custom_padding=&#8220;|15%|||false|false&#8220; custom_padding__hover=&#8220;|||&#8220;][et_pb_text _builder_version=&#8220;4.6.0&#8243; text_font=&#8220;Muli||||||||&#8220; text_font_size=&#8220;13px&#8220; text_line_height=&#8220;2em&#8220; header_font=&#8220;||||||||&#8220; header_2_font=&#8220;||||||||&#8220; header_3_font=&#8220;Montserrat|600|||||||&#8220; header_3_font_size=&#8220;36px&#8220; header_3_line_height=&#8220;1.2em&#8220; header_4_font=&#8220;||||||||&#8220; background_color=&#8220;#ffffff&#8220; background_color_gradient_direction=&#8220;90deg&#8220; max_width=&#8220;700px&#8220; custom_margin_tablet=&#8220;0px||20px&#8220; custom_margin_phone=&#8220;|||-56px&#8220; custom_margin_last_edited=&#8220;off|phone&#8220; text_font_size_tablet=&#8220;&#8220; text_font_size_phone=&#8220;15px&#8220; text_font_size_last_edited=&#8220;on|desktop&#8220; text_line_height_tablet=&#8220;&#8220; text_line_height_phone=&#8220;1.7em&#8220; text_line_height_last_edited=&#8220;on|phone&#8220; header_3_font_size_tablet=&#8220;50px&#8220; header_3_font_size_phone=&#8220;30px&#8220; header_3_font_size_last_edited=&#8220;on|phone&#8220; locked=&#8220;off&#8220;]<\/p>\n<h3>Uniformiertes Sch\u00fctzenkorps<\/h3>\n<p>[\/et_pb_text][et_pb_text _builder_version=&#8220;4.9.7&#8243; text_font=&#8220;|300|||||||&#8220; text_font_size=&#8220;17px&#8220; text_line_height=&#8220;1.8em&#8220; header_font=&#8220;||||||||&#8220; width_tablet=&#8220;100%&#8220; width_last_edited=&#8220;off|desktop&#8220; module_alignment=&#8220;left&#8220; text_font_size_tablet=&#8220;&#8220; text_font_size_phone=&#8220;15px&#8220; text_font_size_last_edited=&#8220;on|phone&#8220; text_line_height_tablet=&#8220;&#8220; text_line_height_phone=&#8220;1.7em&#8220; text_line_height_last_edited=&#8220;on|phone&#8220;]<\/p>\n<p><span>Ein ganz besonderer Traditionstr\u00e4ger der Marktgemeinde Steinfeld ist das Uniformierte Sch\u00fctzenkorps Steinfeld. Als eine von nur neun B\u00fcrger- und Sch\u00fctzengarden in K\u00e4rnten kann dieses Traditionskorps geschichtlich bis etwa ins Jahr 1860 r\u00fcckverfolgt werden. <\/span><br \/><span>Mit viel pers\u00f6nlichem Aufwand und Einsatz gelingt es Obmann Alexander Steiger und Hauptmann Franz Krameritsch mit ihren 30 Mitgliedern das Uniformierte Sch\u00fctzenkorps Steinfeld zu erhalten. Der Aufwand daf\u00fcr ist nicht gering. Die wei\u00df-gr\u00fcnen Uniformen und Waffen m\u00fcssen erhalten und gepflegt werden. <\/span><br \/><span>Viele festliche Veranstaltungen erfahren durch den Aufmarsch unseres Sch\u00fctzencorps und einer abgefeuerten Ehrensalve eine gro\u00dfartige Aufwertung. Im Jahr 2008 fand in Steinfeld das 54. Landestreffen der K\u00e4rntner B\u00fcrger- und Sch\u00fctzengarden statt.<\/span><\/p>\n<p>[\/et_pb_text][et_pb_text _builder_version=&#8220;4.6.0&#8243; text_font=&#8220;||||||||&#8220; text_text_color=&#8220;#d2ad6d&#8220; header_font=&#8220;||||||||&#8220; header_3_font=&#8220;||||||||&#8220; header_3_text_color=&#8220;#0c71c3&#8243; header_5_text_color=&#8220;#d2ad6d&#8220; header_5_font_size=&#8220;18px&#8220; header_5_line_height=&#8220;1.4em&#8220; min_height=&#8220;50px&#8220; custom_padding=&#8220;3px||21px|||&#8220; hover_enabled=&#8220;0&#8243; sticky_enabled=&#8220;0&#8243;]<\/p>\n<h5>Um mit den Sch\u00fctzen Kontakt aufzunehmen, wenden Sie sich bitte an den Obmann Alexander Steiger: 0664\/88497844<\/h5>\n<p>[\/et_pb_text][\/et_pb_column][\/et_pb_row][\/et_pb_section][et_pb_section fb_built=&#8220;1&#8243; admin_label=&#8220;About Me&#8220; _builder_version=&#8220;3.22.7&#8243;][et_pb_row column_structure=&#8220;1_2,1_2&#8243; _builder_version=&#8220;4.9.7&#8243; max_width=&#8220;none&#8220; custom_margin=&#8220;|auto|85px|auto||&#8220; locked=&#8220;off&#8220;][et_pb_column type=&#8220;1_2&#8243; _builder_version=&#8220;3.25&#8243; custom_padding=&#8220;|||&#8220; custom_padding__hover=&#8220;|||&#8220;][et_pb_image src=&#8220;https:\/\/jordanhof.at\/backend_anmelden\/wp-content\/uploads\/2021\/07\/74568342_1929109270524898_6621736790334111744_n.jpg&#8220; title_text=&#8220;74568342_1929109270524898_6621736790334111744_n&#8220; _builder_version=&#8220;4.9.7&#8243; _module_preset=&#8220;default&#8220;][\/et_pb_image][\/et_pb_column][et_pb_column type=&#8220;1_2&#8243; _builder_version=&#8220;4.6.0&#8243; custom_padding=&#8220;|15%|||false|false&#8220; custom_padding__hover=&#8220;|||&#8220;][et_pb_text _builder_version=&#8220;4.6.0&#8243; text_font=&#8220;Muli||||||||&#8220; text_font_size=&#8220;13px&#8220; text_line_height=&#8220;2em&#8220; header_font=&#8220;||||||||&#8220; header_2_font=&#8220;||||||||&#8220; header_3_font=&#8220;Montserrat|600|||||||&#8220; header_3_font_size=&#8220;36px&#8220; header_3_line_height=&#8220;1.2em&#8220; header_4_font=&#8220;||||||||&#8220; background_color=&#8220;#ffffff&#8220; background_color_gradient_direction=&#8220;90deg&#8220; max_width=&#8220;700px&#8220; custom_margin_tablet=&#8220;0px||20px&#8220; custom_margin_phone=&#8220;|||-56px&#8220; custom_margin_last_edited=&#8220;off|phone&#8220; text_font_size_tablet=&#8220;&#8220; text_font_size_phone=&#8220;15px&#8220; text_font_size_last_edited=&#8220;on|desktop&#8220; text_line_height_tablet=&#8220;&#8220; text_line_height_phone=&#8220;1.7em&#8220; text_line_height_last_edited=&#8220;on|phone&#8220; header_3_font_size_tablet=&#8220;50px&#8220; header_3_font_size_phone=&#8220;30px&#8220; header_3_font_size_last_edited=&#8220;on|phone&#8220; locked=&#8220;off&#8220;]<\/p>\n<h3>Steinfelder Knappentheater<\/h3>\n<p>[\/et_pb_text][et_pb_text _builder_version=&#8220;4.9.10&#8243; text_font=&#8220;|300|||||||&#8220; text_font_size=&#8220;17px&#8220; text_line_height=&#8220;1.8em&#8220; header_font=&#8220;||||||||&#8220; width_tablet=&#8220;100%&#8220; width_last_edited=&#8220;off|desktop&#8220; module_alignment=&#8220;left&#8220; hover_enabled=&#8220;0&#8243; text_font_size_tablet=&#8220;&#8220; text_font_size_phone=&#8220;15px&#8220; text_font_size_last_edited=&#8220;on|desktop&#8220; text_line_height_tablet=&#8220;&#8220; text_line_height_phone=&#8220;1.7em&#8220; text_line_height_last_edited=&#8220;on|phone&#8220; sticky_enabled=&#8220;0&#8243;]<\/p>\n<p><span>Hat den Vereinsraum des BRD \u00fcbernommen und ist seit 1. Juli 2019 im Jordanhof beheimatet.<\/span><\/p>\n<p>[\/et_pb_text][et_pb_text _builder_version=&#8220;4.9.10&#8243; text_font=&#8220;||||||||&#8220; text_text_color=&#8220;#d2ad6d&#8220; header_font=&#8220;||||||||&#8220; header_3_font=&#8220;||||||||&#8220; header_3_text_color=&#8220;#0c71c3&#8243; header_5_text_color=&#8220;#d2ad6d&#8220; header_5_font_size=&#8220;18px&#8220; header_5_line_height=&#8220;1.4em&#8220; min_height=&#8220;50px&#8220; custom_padding=&#8220;3px||21px|||&#8220; hover_enabled=&#8220;0&#8243; sticky_enabled=&#8220;0&#8243;]<\/p>\n<h5>Um mit dem Knappentheater Kontakt aufzunehmen, wenden Sie sich bitte an die Obfrau Marina Winkler: 0680\/2113496<\/h5>\n<p>[\/et_pb_text][\/et_pb_column][\/et_pb_row][\/et_pb_section]<\/p>\n","protected":false},"excerpt":{"rendered":"<p>VereineVereine im Jordanhof &nbsp;MGV SteinfeldDer MGV Steinfeld kann auf eine lange und ereignisreiche Geschichte zur\u00fcckblicken. Als Obmann leitet Helmut Traar seit 2017 die Geschicke des Vereines. Etwa 30 Mitglieder widmen sich vor allem dem traditionellen K\u00e4rntnerlied aber auch geistlichen Liedern und Liedern aus aller Welt. Unter der musikalischen Leitung von Walter Unterpirker (seit 1968!) gab [&hellip;]<\/p>\n","protected":false},"author":1,"featured_media":0,"parent":0,"menu_order":0,"comment_status":"closed","ping_status":"closed","template":"","meta":{"_et_pb_use_builder":"on","_et_pb_old_content":"<!-- wp:divi\/placeholder \/-->","_et_gb_content_width":""},"_links":{"self":[{"href":"https:\/\/jordanhof.at\/index.php\/wp-json\/wp\/v2\/pages\/68"}],"collection":[{"href":"https:\/\/jordanhof.at\/index.php\/wp-json\/wp\/v2\/pages"}],"about":[{"href":"https:\/\/jordanhof.at\/index.php\/wp-json\/wp\/v2\/types\/page"}],"author":[{"embeddable":true,"href":"https:\/\/jordanhof.at\/index.php\/wp-json\/wp\/v2\/users\/1"}],"replies":[{"embeddable":true,"href":"https:\/\/jordanhof.at\/index.php\/wp-json\/wp\/v2\/comments?post=68"}],"version-history":[{"count":23,"href":"https:\/\/jordanhof.at\/index.php\/wp-json\/wp\/v2\/pages\/68\/revisions"}],"predecessor-version":[{"id":1338,"href":"https:\/\/jordanhof.at\/index.php\/wp-json\/wp\/v2\/pages\/68\/revisions\/1338"}],"wp:attachment":[{"href":"https:\/\/jordanhof.at\/index.php\/wp-json\/wp\/v2\/media?parent=68"}],"curies":[{"name":"wp","href":"https:\/\/api.w.org\/{rel}","templated":true}]}}