{"id":66,"date":"2019-06-03T15:06:09","date_gmt":"2019-06-03T15:06:09","guid":{"rendered":"https:\/\/jordanhof.at\/backend_anmelden\/?page_id=66"},"modified":"2021-07-12T08:30:25","modified_gmt":"2021-07-12T08:30:25","slug":"steigbaum","status":"publish","type":"page","link":"https:\/\/jordanhof.at\/index.php\/jordanhof\/steigbaum\/","title":{"rendered":"Steigbaum"},"content":{"rendered":"<p>[et_pb_section fb_built=&#8220;1&#8243; admin_label=&#8220;Header&#8220; _builder_version=&#8220;4.9.7&#8243; use_background_color_gradient=&#8220;on&#8220; background_color_gradient_start=&#8220;#a9abae&#8220; background_color_gradient_end=&#8220;rgba(255,255,255,0.56)&#8220; background_color_gradient_direction=&#8220;86deg&#8220; background_color_gradient_start_position=&#8220;13%&#8220; background_color_gradient_overlays_image=&#8220;on&#8220; background_enable_image=&#8220;off&#8220; width=&#8220;100%&#8220; max_width=&#8220;100%&#8220; max_width_tablet=&#8220;&#8220; max_width_phone=&#8220;&#8220; max_width_last_edited=&#8220;on|desktop&#8220; custom_margin=&#8220;0px||11px||false|false&#8220; custom_padding=&#8220;80px||117px||false|false&#8220;][et_pb_row _builder_version=&#8220;3.25&#8243; background_size=&#8220;initial&#8220; background_position=&#8220;top_right&#8220; custom_margin=&#8220;|auto|6px|auto||&#8220; custom_padding=&#8220;0px|40px|4px|40px||&#8220; border_width_all=&#8220;1px&#8220; border_color_all=&#8220;rgba(0,0,0,0.12)&#8220; locked=&#8220;off&#8220;][et_pb_column type=&#8220;4_4&#8243; _builder_version=&#8220;3.25&#8243; custom_padding=&#8220;|||&#8220; custom_padding__hover=&#8220;|||&#8220;][et_pb_image src=&#8220;https:\/\/jordanhof.at\/backend_anmelden\/wp-content\/uploads\/2019\/06\/Favicon-296&#215;300.png&#8220; title_text=&#8220;Favicon&#8220; align=&#8220;right&#8220; admin_label=&#8220;Logo F\u00f6rderverein&#8220; _builder_version=&#8220;4.6.0&#8243; max_width=&#8220;200px&#8220; max_width_tablet=&#8220;&#8220; max_width_phone=&#8220;120px&#8220; max_width_last_edited=&#8220;on|phone&#8220; custom_margin=&#8220;-29px|-8vw|||false|false&#8220; custom_margin_tablet=&#8220;||-100px&#8220; custom_margin_phone=&#8220;-110px|-8vw|-20px|&#8220; custom_margin_last_edited=&#8220;on|phone&#8220; always_center_on_mobile=&#8220;off&#8220; locked=&#8220;off&#8220;][\/et_pb_image][et_pb_text admin_label=&#8220;Sponsoren&#8220; _builder_version=&#8220;4.6.0&#8243; header_font=&#8220;||||||||&#8220; header_2_font=&#8220;Muli|800||on|||||&#8220; header_2_font_size=&#8220;12px&#8220; header_2_letter_spacing=&#8220;0.4em&#8220; transform_scale_tablet=&#8220;&#8220; transform_scale_phone=&#8220;&#8220; transform_scale_last_edited=&#8220;on|tablet&#8220; transform_translate=&#8220;-100px|0px&#8220; transform_translate_tablet=&#8220;0px|0px&#8220; transform_translate_phone=&#8220;&#8220; transform_translate_last_edited=&#8220;on|tablet&#8220; transform_translate_linked=&#8220;off&#8220; transform_rotate=&#8220;0deg|0deg|270deg&#8220; transform_rotate_tablet=&#8220;0deg|0deg|0deg&#8220; transform_rotate_phone=&#8220;&#8220; transform_rotate_last_edited=&#8220;on|desktop&#8220; transform_skew_tablet=&#8220;&#8220; transform_skew_phone=&#8220;&#8220; transform_skew_last_edited=&#8220;on|desktop&#8220; transform_origin=&#8220;0%|50%&#8220; transform_origin_tablet=&#8220;&#8220; transform_origin_phone=&#8220;&#8220; transform_origin_last_edited=&#8220;on|desktop&#8220; transform_styles_last_edited=&#8220;on|tablet&#8220; max_width=&#8220;150px&#8220; custom_margin=&#8220;||-60px&#8220; custom_margin_tablet=&#8220;||20px&#8220; custom_margin_phone=&#8220;&#8220; custom_margin_last_edited=&#8220;on|tablet&#8220; transform_styles_tablet=&#8220;&#8220; transform_styles_phone=&#8220;&#8220; locked=&#8220;off&#8220;]<\/p>\n<h2>Sponsoren<\/h2>\n<p>[\/et_pb_text][et_pb_text admin_label=&#8220;Titel&#8220; _builder_version=&#8220;4.6.0&#8243; text_font=&#8220;Muli||||||||&#8220; text_font_size=&#8220;17px&#8220; text_line_height=&#8220;2em&#8220; header_font=&#8220;||||||||&#8220; header_3_font=&#8220;Montserrat|600|||||||&#8220; header_3_font_size=&#8220;70px&#8220; header_3_line_height=&#8220;1.2em&#8220; background_enable_color=&#8220;off&#8220; background_color_gradient_direction=&#8220;90deg&#8220; max_width=&#8220;700px&#8220; custom_margin=&#8220;-126px||0px|-70px||&#8220; custom_margin_tablet=&#8220;0px||20px&#8220; custom_margin_phone=&#8220;|||-56px&#8220; custom_margin_last_edited=&#8220;on|phone&#8220; text_font_size_tablet=&#8220;&#8220; text_font_size_phone=&#8220;15px&#8220; text_font_size_last_edited=&#8220;on|desktop&#8220; text_line_height_tablet=&#8220;&#8220; text_line_height_phone=&#8220;1.7em&#8220; text_line_height_last_edited=&#8220;on|phone&#8220; header_3_font_size_tablet=&#8220;50px&#8220; header_3_font_size_phone=&#8220;30px&#8220; header_3_font_size_last_edited=&#8220;on|phone&#8220;]<\/p>\n<h3>Der Steigbaum<\/h3>\n<p>&nbsp;<\/p>\n<p>[\/et_pb_text][\/et_pb_column][\/et_pb_row][\/et_pb_section][et_pb_section fb_built=&#8220;1&#8243; admin_label=&#8220;Steinfelder F\u00f6rderplakette&#8220; _builder_version=&#8220;3.22.7&#8243; custom_padding=&#8220;68px||174px|||&#8220;][et_pb_row column_structure=&#8220;1_2,1_2&#8243; _builder_version=&#8220;3.29.3&#8243; custom_margin=&#8220;|auto|-54px|auto||&#8220; locked=&#8220;off&#8220;][et_pb_column type=&#8220;1_2&#8243; _builder_version=&#8220;3.25&#8243; custom_padding=&#8220;|||&#8220; custom_padding__hover=&#8220;|||&#8220;][et_pb_image src=&#8220;https:\/\/jordanhof.at\/backend_anmelden\/wp-content\/uploads\/2019\/10\/foerderbaum.jpg&#8220; align=&#8220;center&#8220; align_tablet=&#8220;center&#8220; align_phone=&#8220;&#8220; align_last_edited=&#8220;on|desktop&#8220; admin_label=&#8220;Steigbaum&#8220; _builder_version=&#8220;4.9.7&#8243; background_enable_image=&#8220;off&#8220; background_size=&#8220;contain&#8220; max_height_tablet=&#8220;&#8220; max_height_phone=&#8220;400px&#8220; max_height_last_edited=&#8220;on|phone&#8220;][\/et_pb_image][\/et_pb_column][et_pb_column type=&#8220;1_2&#8243; _builder_version=&#8220;3.25&#8243; custom_padding=&#8220;|||&#8220; custom_padding__hover=&#8220;|||&#8220;][et_pb_text _builder_version=&#8220;4.9.7&#8243; text_font=&#8220;||||||||&#8220; text_font_size=&#8220;13px&#8220; text_line_height=&#8220;2em&#8220; header_font=&#8220;||||||||&#8220; header_2_font=&#8220;||||||||&#8220; header_3_font=&#8220;Montserrat|600|||||||&#8220; header_3_font_size=&#8220;36px&#8220; header_3_line_height=&#8220;1.2em&#8220; header_4_font=&#8220;||||||||&#8220; background_color=&#8220;#ffffff&#8220; background_color_gradient_direction=&#8220;90deg&#8220; max_width=&#8220;700px&#8220; custom_margin_tablet=&#8220;0px||20px&#8220; custom_margin_phone=&#8220;|||-56px&#8220; custom_margin_last_edited=&#8220;off|phone&#8220; custom_padding_tablet=&#8220;20px||||false|false&#8220; custom_padding_phone=&#8220;&#8220; custom_padding_last_edited=&#8220;on|phone&#8220; hover_enabled=&#8220;0&#8243; text_font_size_tablet=&#8220;&#8220; text_font_size_phone=&#8220;15px&#8220; text_font_size_last_edited=&#8220;on|desktop&#8220; text_line_height_tablet=&#8220;&#8220; text_line_height_phone=&#8220;1.7em&#8220; text_line_height_last_edited=&#8220;on|phone&#8220; header_3_font_size_tablet=&#8220;50px&#8220; header_3_font_size_phone=&#8220;30px&#8220; header_3_font_size_last_edited=&#8220;on|phone&#8220; locked=&#8220;off&#8220; sticky_enabled=&#8220;0&#8243;]<\/p>\n<h3 style=\"text-align: center;\">Sch\u00f6nfelder F\u00f6rderplakette<\/h3>\n<p>[\/et_pb_text][et_pb_text _builder_version=&#8220;4.9.7&#8243; text_font=&#8220;|300|||||||&#8220; text_font_size=&#8220;17px&#8220; text_line_height=&#8220;1.8em&#8220; header_font=&#8220;||||||||&#8220; width_tablet=&#8220;100%&#8220; width_last_edited=&#8220;off|desktop&#8220; module_alignment=&#8220;left&#8220; hover_enabled=&#8220;0&#8243; text_font_size_tablet=&#8220;&#8220; text_font_size_phone=&#8220;15px&#8220; text_font_size_last_edited=&#8220;on|phone&#8220; text_line_height_tablet=&#8220;&#8220; text_line_height_phone=&#8220;1.7em&#8220; text_line_height_last_edited=&#8220;on|phone&#8220; sticky_enabled=&#8220;0&#8243; text_orientation_last_edited=&#8220;on|desktop&#8220; text_orientation_tablet=&#8220;center&#8220; text_orientation_phone=&#8220;center&#8220;]<\/p>\n<p><span>Die Bausteinaktion des F\u00f6rdervereins begann bereits 1995 mit den F\u00f6rderplaketten in Gold, Silber und Bronze, die mittels Gravur am Steigbaum angebracht wurden. <\/span><span>Damals war die Renovierung des Jordanhofs das vorrangige Ziel. Viele der Spender sind nicht mehr unter uns, wir danken allen herzlich, dass mit ihrer Mithilfe unser Haus nun wieder ein Schmuckst\u00fcck unseres Ortes geworden ist. <\/span><span>F\u00fcr die Erhaltung des Jordanhofs werden weiterhin Mittel ben\u00f6tigt, wir haben uns also entschlossen, den F\u00f6rdergedanken zu aktivieren. Wir bitten Sie weiterhin um Ihre Unterst\u00fctzung. Eine F\u00f6rderplakette hat den Wert von 50\u20ac, die Spender werden am Steigbaum eingraviert. Auch freuen wir uns auf Ihren Besuch bei einer der zahlreichen Veranstaltungen im Jordanhof Steinfeld.<\/span><\/p>\n<p>[\/et_pb_text][et_pb_text _builder_version=&#8220;4.6.0&#8243; text_font=&#8220;|700||||on|||&#8220; text_text_color=&#8220;#d2ad6d&#8220; text_font_size=&#8220;29px&#8220; text_line_height=&#8220;1.3em&#8220; header_font=&#8220;||||||||&#8220; header_3_font=&#8220;||||||||&#8220; header_3_text_color=&#8220;#0c71c3&#8243; min_height=&#8220;50px&#8220; custom_padding=&#8220;3px||21px|||&#8220;]<\/p>\n<p style=\"text-align: center;\">Bisher haben weit \u00fcber 100 Personen eine F\u00f6rderplakette erhalten und wurden auf unserem Steigbaum verewigt.<\/p>\n<p style=\"text-align: center;\">Daf\u00fcr bedanken wir uns recht herzlich!<\/p>\n<p>[\/et_pb_text][\/et_pb_column][\/et_pb_row][\/et_pb_section]<\/p>\n","protected":false},"excerpt":{"rendered":"<p>SponsorenDer Steigbaum &nbsp;Sch\u00f6nfelder F\u00f6rderplaketteDie Bausteinaktion des F\u00f6rdervereins begann bereits 1995 mit den F\u00f6rderplaketten in Gold, Silber und Bronze, die mittels Gravur am Steigbaum angebracht wurden. Damals war die Renovierung des Jordanhofs das vorrangige Ziel. Viele der Spender sind nicht mehr unter uns, wir danken allen herzlich, dass mit ihrer Mithilfe unser Haus nun wieder ein [&hellip;]<\/p>\n","protected":false},"author":1,"featured_media":0,"parent":46,"menu_order":0,"comment_status":"closed","ping_status":"closed","template":"","meta":{"_et_pb_use_builder":"on","_et_pb_old_content":"<!-- wp:divi\/placeholder \/-->","_et_gb_content_width":""},"_links":{"self":[{"href":"https:\/\/jordanhof.at\/index.php\/wp-json\/wp\/v2\/pages\/66"}],"collection":[{"href":"https:\/\/jordanhof.at\/index.php\/wp-json\/wp\/v2\/pages"}],"about":[{"href":"https:\/\/jordanhof.at\/index.php\/wp-json\/wp\/v2\/types\/page"}],"author":[{"embeddable":true,"href":"https:\/\/jordanhof.at\/index.php\/wp-json\/wp\/v2\/users\/1"}],"replies":[{"embeddable":true,"href":"https:\/\/jordanhof.at\/index.php\/wp-json\/wp\/v2\/comments?post=66"}],"version-history":[{"count":14,"href":"https:\/\/jordanhof.at\/index.php\/wp-json\/wp\/v2\/pages\/66\/revisions"}],"predecessor-version":[{"id":1173,"href":"https:\/\/jordanhof.at\/index.php\/wp-json\/wp\/v2\/pages\/66\/revisions\/1173"}],"up":[{"embeddable":true,"href":"https:\/\/jordanhof.at\/index.php\/wp-json\/wp\/v2\/pages\/46"}],"wp:attachment":[{"href":"https:\/\/jordanhof.at\/index.php\/wp-json\/wp\/v2\/media?parent=66"}],"curies":[{"name":"wp","href":"https:\/\/api.w.org\/{rel}","templated":true}]}}