{"id":62,"date":"2019-06-03T15:05:17","date_gmt":"2019-06-03T15:05:17","guid":{"rendered":"https:\/\/jordanhof.at\/backend_anmelden\/?page_id=62"},"modified":"2021-08-17T06:28:44","modified_gmt":"2021-08-17T06:28:44","slug":"raeumlichkeiten","status":"publish","type":"page","link":"https:\/\/jordanhof.at\/index.php\/jordanhof\/raeumlichkeiten\/","title":{"rendered":"R\u00e4umlichkeiten"},"content":{"rendered":"<p>[et_pb_section fb_built=&#8220;1&#8243; admin_label=&#8220;CTAs&#8220; _builder_version=&#8220;4.9.7&#8243; background_color=&#8220;#d2ad6d&#8220; custom_padding=&#8220;4px||51px|||&#8220;][et_pb_row _builder_version=&#8220;4.6.0&#8243; _module_preset=&#8220;default&#8220; custom_padding=&#8220;66px|||||&#8220;][et_pb_column type=&#8220;4_4&#8243; _builder_version=&#8220;4.6.0&#8243; _module_preset=&#8220;default&#8220;][et_pb_text disabled_on=&#8220;on|off|off&#8220; _builder_version=&#8220;4.9.7&#8243; _module_preset=&#8220;default&#8220; header_2_font=&#8220;||||||||&#8220; header_2_text_color=&#8220;#ffffff&#8220; header_2_font_size=&#8220;80px&#8220; header_2_text_shadow_style=&#8220;preset3&#8243;]<\/p>\n<h2 style=\"text-align: center;\">Feiern im Jordanhof<\/h2>\n<p>[\/et_pb_text][\/et_pb_column][\/et_pb_row][et_pb_row column_structure=&#8220;1_3,1_3,1_3&#8243; use_custom_gutter=&#8220;on&#8220; gutter_width=&#8220;1&#8243; make_equal=&#8220;on&#8220; _builder_version=&#8220;4.6.0&#8243; custom_padding=&#8220;50px||||false|false&#8220; locked=&#8220;off&#8220;][et_pb_column type=&#8220;1_3&#8243; _builder_version=&#8220;4.6.0&#8243; custom_padding=&#8220;|||&#8220; border_width_all=&#8220;1px&#8220; border_color_all=&#8220;rgba(255,255,255,0.42)&#8220; border_width_top=&#8220;0px&#8220; border_width_bottom=&#8220;0px&#8220; border_color_bottom=&#8220;#ffffff&#8220; border_width_left=&#8220;0px&#8220; custom_padding__hover=&#8220;|||&#8220;][et_pb_image src=&#8220;https:\/\/jordanhof.at\/backend_anmelden\/wp-content\/uploads\/2020\/11\/Februar-031.jpg&#8220; title_text=&#8220;Februar 031&#8243; align=&#8220;center&#8220; _builder_version=&#8220;4.9.7&#8243; _module_preset=&#8220;default&#8220; animation_style=&#8220;bounce&#8220; box_shadow_style=&#8220;preset1&#8243;][\/et_pb_image][et_pb_text _builder_version=&#8220;4.6.0&#8243; text_font=&#8220;Muli|300||on|||||&#8220; text_text_color=&#8220;#ffffff&#8220; text_font_size=&#8220;22px&#8220; text_letter_spacing=&#8220;4px&#8220; text_line_height=&#8220;2em&#8220; header_font=&#8220;||||||||&#8220; header_6_font=&#8220;Montserrat||||||||&#8220; header_6_letter_spacing=&#8220;0.5vw&#8220; header_6_line_height=&#8220;2em&#8220; text_orientation=&#8220;center&#8220; max_width_tablet=&#8220;70%&#8220; max_width_last_edited=&#8220;off|phone&#8220; custom_margin=&#8220;|-1px||&#8220; custom_padding=&#8220;16px||16px||true&#8220; animation_style=&#8220;zoom&#8220; animation_intensity_zoom=&#8220;5%&#8220; link_option_url=&#8220;#taverne&#8220; border_color_all=&#8220;rgba(51,51,51,0.11)&#8220; border_width_top=&#8220;0px&#8220; border_width_bottom=&#8220;0px&#8220; locked=&#8220;off&#8220; box_shadow_vertical__hover_enabled=&#8220;on&#8220; border_width_bottom__hover_enabled=&#8220;on&#8220; border_width_bottom__hover=&#8220;1px&#8220;]<\/p>\n<p>Taverne<\/p>\n<p>[\/et_pb_text][\/et_pb_column][et_pb_column type=&#8220;1_3&#8243; _builder_version=&#8220;4.6.0&#8243; custom_padding=&#8220;|||&#8220; border_width_all=&#8220;1px&#8220; border_color_all=&#8220;rgba(255,255,255,0.42)&#8220; border_width_top=&#8220;0px&#8220; border_width_bottom=&#8220;0px&#8220; border_width_left=&#8220;0px&#8220; custom_padding__hover=&#8220;|||&#8220;][et_pb_image src=&#8220;https:\/\/jordanhof.at\/backend_anmelden\/wp-content\/uploads\/2020\/11\/hresw2dfl9dbf0905c6.jpg&#8220; title_text=&#8220;hresw2dfl9dbf0905c6&#8243; align=&#8220;center&#8220; _builder_version=&#8220;4.9.7&#8243; _module_preset=&#8220;default&#8220; animation_style=&#8220;bounce&#8220; box_shadow_style=&#8220;preset1&#8243;][\/et_pb_image][et_pb_text _builder_version=&#8220;4.6.0&#8243; text_font=&#8220;Muli|300||on|||||&#8220; text_text_color=&#8220;#ffffff&#8220; text_font_size=&#8220;22px&#8220; text_letter_spacing=&#8220;4px&#8220; text_line_height=&#8220;2em&#8220; header_font=&#8220;||||||||&#8220; header_6_font=&#8220;Montserrat||||||||&#8220; header_6_letter_spacing=&#8220;0.5vw&#8220; header_6_line_height=&#8220;2em&#8220; text_orientation=&#8220;center&#8220; max_width_tablet=&#8220;70%&#8220; max_width_last_edited=&#8220;off|phone&#8220; custom_margin=&#8220;|-1px||&#8220; custom_padding=&#8220;16px||16px||true&#8220; animation_style=&#8220;zoom&#8220; animation_intensity_zoom=&#8220;5%&#8220; link_option_url=&#8220;#aula&#8220; border_color_all=&#8220;rgba(51,51,51,0.11)&#8220; border_width_top=&#8220;0px&#8220; border_width_bottom=&#8220;0px&#8220; locked=&#8220;off&#8220; box_shadow_vertical__hover_enabled=&#8220;on&#8220; border_width_bottom__hover_enabled=&#8220;on&#8220; border_width_bottom__hover=&#8220;1px&#8220;]<\/p>\n<p>Aula<\/p>\n<p>[\/et_pb_text][\/et_pb_column][et_pb_column type=&#8220;1_3&#8243; _builder_version=&#8220;3.25&#8243; custom_padding=&#8220;|||&#8220; custom_padding__hover=&#8220;|||&#8220;][et_pb_image src=&#8220;https:\/\/jordanhof.at\/backend_anmelden\/wp-content\/uploads\/2020\/11\/hresw2dfl2013-09-28-bella-italia-47.jpg&#8220; title_text=&#8220;hresw2dfl2013-09-28-bella-italia-47&#8243; align=&#8220;center&#8220; _builder_version=&#8220;4.9.7&#8243; _module_preset=&#8220;default&#8220; animation_style=&#8220;bounce&#8220; box_shadow_style=&#8220;preset1&#8243;][\/et_pb_image][et_pb_text _builder_version=&#8220;4.6.0&#8243; text_font=&#8220;Muli|300||on|||||&#8220; text_text_color=&#8220;#ffffff&#8220; text_font_size=&#8220;22px&#8220; text_letter_spacing=&#8220;4px&#8220; text_line_height=&#8220;2em&#8220; header_font=&#8220;||||||||&#8220; header_6_font=&#8220;Montserrat||||||||&#8220; header_6_letter_spacing=&#8220;0.5vw&#8220; header_6_line_height=&#8220;2em&#8220; text_orientation=&#8220;center&#8220; max_width_tablet=&#8220;70%&#8220; max_width_last_edited=&#8220;off|phone&#8220; custom_margin=&#8220;|-1px||&#8220; custom_padding=&#8220;16px||16px||true&#8220; animation_style=&#8220;zoom&#8220; animation_intensity_zoom=&#8220;5%&#8220; link_option_url=&#8220;#garten&#8220; border_color_all=&#8220;rgba(51,51,51,0.11)&#8220; border_width_top=&#8220;0px&#8220; border_width_bottom=&#8220;0px&#8220; locked=&#8220;off&#8220; box_shadow_vertical__hover_enabled=&#8220;on&#8220; border_width_bottom__hover_enabled=&#8220;on&#8220; border_width_bottom__hover=&#8220;1px&#8220;]<\/p>\n<p>Garten<\/p>\n<p>[\/et_pb_text][\/et_pb_column][\/et_pb_row][\/et_pb_section][et_pb_section fb_built=&#8220;1&#8243; admin_label=&#8220;Classes&#8220; _builder_version=&#8220;3.22.7&#8243;][et_pb_row _builder_version=&#8220;3.29.3&#8243; custom_margin=&#8220;-25px|auto||auto||&#8220;][et_pb_column type=&#8220;4_4&#8243; _builder_version=&#8220;3.29.3&#8243;][et_pb_text _builder_version=&#8220;4.9.7&#8243; text_font=&#8220;|300|||||||&#8220; text_font_size=&#8220;17px&#8220; text_line_height=&#8220;1.8em&#8220; text_font_size_tablet=&#8220;&#8220; text_font_size_phone=&#8220;15px&#8220; text_font_size_last_edited=&#8220;on|phone&#8220; text_line_height_tablet=&#8220;&#8220; text_line_height_phone=&#8220;1.7em&#8220; text_line_height_last_edited=&#8220;on|phone&#8220;]<\/p>\n<p style=\"text-align: center;\">Die wundersch\u00f6n rustikalen R\u00e4ume unseres Jordanhofes sind die ideale Location f\u00fcr Festlichkeiten aller Art. Alle angegebenen Preise sind exklusive Reinigungspauschale von 25\u20ac und Heizkostenpauschale in den Wintermonaten (September &#8211; Mai) von 30\u20ac.<\/p>\n<p>[\/et_pb_text][\/et_pb_column][\/et_pb_row][et_pb_row _builder_version=&#8220;3.25&#8243; background_size=&#8220;initial&#8220; background_position=&#8220;top_right&#8220; custom_margin=&#8220;71px|auto|60px|auto||&#8220; custom_padding=&#8220;|40px|9px|40px||&#8220; border_width_all=&#8220;1px&#8220; border_color_all=&#8220;rgba(0,0,0,0.12)&#8220; locked=&#8220;off&#8220;][et_pb_column type=&#8220;4_4&#8243; _builder_version=&#8220;3.25&#8243; custom_padding=&#8220;|||&#8220; custom_padding__hover=&#8220;|||&#8220;][et_pb_text admin_label=&#8220;#taverne&#8220; module_id=&#8220;taverne&#8220; _builder_version=&#8220;4.9.7&#8243; text_font=&#8220;|700|||||||&#8220; text_font_size=&#8220;17px&#8220; header_font=&#8220;||||||||&#8220; header_3_font=&#8220;Montserrat|600|||||||&#8220; header_3_text_color=&#8220;#d2ad6d&#8220; header_3_font_size=&#8220;70px&#8220; header_3_line_height=&#8220;1.2em&#8220; background_color=&#8220;#ffffff&#8220; background_color_gradient_direction=&#8220;90deg&#8220; text_orientation=&#8220;center&#8220; max_width=&#8220;580px&#8220; module_alignment=&#8220;center&#8220; custom_margin=&#8220;-14px||-80px|||&#8220; custom_margin_tablet=&#8220;&#8220; custom_margin_phone=&#8220;||-60px|&#8220; custom_margin_last_edited=&#8220;on|phone&#8220; custom_padding=&#8220;||0px|||&#8220; text_font_tablet=&#8220;&#8220; text_font_phone=&#8220;&#8220; text_font_last_edited=&#8220;on|desktop&#8220; text_font_size_tablet=&#8220;&#8220; text_font_size_phone=&#8220;15px&#8220; text_font_size_last_edited=&#8220;on|desktop&#8220; header_3_font_size_tablet=&#8220;50px&#8220; header_3_font_size_phone=&#8220;30px&#8220; header_3_font_size_last_edited=&#8220;on|phone&#8220;]<\/p>\n<h3>Taverne<\/h3>\n<p>\u20ac 95 ohne K\u00fcche<br \/>\u20ac 150 mit K\u00fcche<\/p>\n<p>&nbsp;<\/p>\n<p>[\/et_pb_text][\/et_pb_column][\/et_pb_row][et_pb_row _builder_version=&#8220;3.25&#8243; custom_margin=&#8220;-17px|auto||auto||&#8220;][et_pb_column type=&#8220;4_4&#8243; _builder_version=&#8220;3.25&#8243; custom_padding=&#8220;|||&#8220; custom_padding__hover=&#8220;|||&#8220;][et_pb_image src=&#8220;https:\/\/jordanhof.at\/backend_anmelden\/wp-content\/uploads\/2019\/11\/Taverne-im-Jordanhof.png&#8220; align=&#8220;center&#8220; _builder_version=&#8220;3.29.3&#8243;][\/et_pb_image][et_pb_text _builder_version=&#8220;4.9.7&#8243; text_font=&#8220;|300|||||||&#8220; text_font_size=&#8220;17px&#8220; text_line_height=&#8220;1.8em&#8220; text_orientation=&#8220;center&#8220; max_width=&#8220;800px&#8220; max_width_tablet=&#8220;none&#8220; max_width_last_edited=&#8220;off|phone&#8220; module_alignment=&#8220;center&#8220; text_font_size_tablet=&#8220;&#8220; text_font_size_phone=&#8220;15px&#8220; text_font_size_last_edited=&#8220;on|phone&#8220; text_line_height_tablet=&#8220;&#8220; text_line_height_phone=&#8220;1.7em&#8220; text_line_height_last_edited=&#8220;on|phone&#8220; locked=&#8220;off&#8220;]<\/p>\n<p>Die Taverne mit integrierter Bar und angeschlossener K\u00fcche \u00fcberzeugt mit ihrem rusitkalen-mediterranen Charme. Das Steingew\u00f6lbe sorgt auch im Sommer f\u00fcr k\u00fchle Temperaturen und l\u00e4dt zum Verweilen ein. Hier wurde schon so manche Nacht zum Tag gemacht und lustige Stunden bei einem eleganten Tropfen Rotwein oder einem z\u00fcnftigen Bier verbracht.\u00a0Die Taverne bietet f\u00fcr ca. 60 Personen Platz. Unser neu gestalteter Garten mit Terrasse und Markise kann im Sommer auch als erweiterter Partyraum mitbenutzt werden.<\/p>\n<p>[\/et_pb_text][\/et_pb_column][\/et_pb_row][\/et_pb_section][et_pb_section fb_built=&#8220;1&#8243; admin_label=&#8220;Classes&#8220; module_class=&#8220;#aula&#8220; _builder_version=&#8220;4.6.0&#8243;][et_pb_row _builder_version=&#8220;3.25&#8243; background_size=&#8220;initial&#8220; background_position=&#8220;top_right&#8220; custom_margin=&#8220;||60px&#8220; custom_padding=&#8220;|40px|9px|40px||&#8220; border_width_all=&#8220;1px&#8220; border_color_all=&#8220;rgba(0,0,0,0.12)&#8220; locked=&#8220;off&#8220;][et_pb_column type=&#8220;4_4&#8243; _builder_version=&#8220;3.25&#8243; custom_padding=&#8220;|||&#8220; custom_padding__hover=&#8220;|||&#8220;][et_pb_text admin_label=&#8220;#taverne&#8220; module_id=&#8220;taverne&#8220; _builder_version=&#8220;4.9.7&#8243; text_font=&#8220;|700|||||||&#8220; text_font_size=&#8220;17px&#8220; text_line_height=&#8220;1.8em&#8220; header_font=&#8220;||||||||&#8220; header_3_font=&#8220;Montserrat|600|||||||&#8220; header_3_text_color=&#8220;#d2ad6d&#8220; header_3_font_size=&#8220;70px&#8220; header_3_line_height=&#8220;1.2em&#8220; background_color=&#8220;#ffffff&#8220; background_color_gradient_direction=&#8220;90deg&#8220; text_orientation=&#8220;center&#8220; max_width=&#8220;580px&#8220; module_alignment=&#8220;center&#8220; custom_margin=&#8220;-14px||-80px|||&#8220; custom_margin_tablet=&#8220;&#8220; custom_margin_phone=&#8220;||-60px|&#8220; custom_margin_last_edited=&#8220;on|phone&#8220; custom_padding=&#8220;||0px|||&#8220; text_font_tablet=&#8220;&#8220; text_font_phone=&#8220;&#8220; text_font_last_edited=&#8220;on|desktop&#8220; text_font_size_tablet=&#8220;&#8220; text_font_size_phone=&#8220;15px&#8220; text_font_size_last_edited=&#8220;on|phone&#8220; text_line_height_tablet=&#8220;&#8220; text_line_height_phone=&#8220;1.7em&#8220; text_line_height_last_edited=&#8220;on|phone&#8220; header_3_font_size_tablet=&#8220;50px&#8220; header_3_font_size_phone=&#8220;30px&#8220; header_3_font_size_last_edited=&#8220;on|phone&#8220;]<\/p>\n<h3>Aula<\/h3>\n<p>\u20ac 95<\/p>\n<p>&nbsp;<\/p>\n<p>[\/et_pb_text][\/et_pb_column][\/et_pb_row][et_pb_row _builder_version=&#8220;3.25&#8243;][et_pb_column type=&#8220;4_4&#8243; _builder_version=&#8220;3.25&#8243; custom_padding=&#8220;|||&#8220; custom_padding__hover=&#8220;|||&#8220;][et_pb_image src=&#8220;https:\/\/jordanhof.at\/backend_anmelden\/wp-content\/uploads\/2019\/10\/jordanhof-aula.png&#8220; align=&#8220;center&#8220; _builder_version=&#8220;3.29.3&#8243; custom_margin=&#8220;-27px|||||&#8220;][\/et_pb_image][et_pb_text _builder_version=&#8220;4.9.10&#8243; text_font=&#8220;|300|||||||&#8220; text_font_size=&#8220;17px&#8220; text_line_height=&#8220;1.8em&#8220; text_orientation=&#8220;center&#8220; max_width=&#8220;800px&#8220; max_width_tablet=&#8220;none&#8220; max_width_last_edited=&#8220;off|phone&#8220; module_alignment=&#8220;center&#8220; hover_enabled=&#8220;0&#8243; text_font_size_tablet=&#8220;&#8220; text_font_size_phone=&#8220;15px&#8220; text_font_size_last_edited=&#8220;on|desktop&#8220; text_line_height_tablet=&#8220;&#8220; text_line_height_phone=&#8220;1.7em&#8220; text_line_height_last_edited=&#8220;on|phone&#8220; locked=&#8220;off&#8220; sticky_enabled=&#8220;0&#8243;]<\/p>\n<p>Der Hauptraum des Jordanhofes, die Aula, verf\u00fcgt \u00fcber ausgezeichnete Akustik und bietet Raum f\u00fcr circa 100 Sitzpl\u00e4tze. Die Ausstellungsr\u00e4ume sind mit einem modernen Beleuchtungssystem und neuester Pr\u00e4sentationstechnik ausgestattet.<\/p>\n<p>[\/et_pb_text][\/et_pb_column][\/et_pb_row][\/et_pb_section][et_pb_section fb_built=&#8220;1&#8243; admin_label=&#8220;Classes&#8220; module_class=&#8220;#garten&#8220; _builder_version=&#8220;4.6.0&#8243;][et_pb_row _builder_version=&#8220;3.25&#8243; background_size=&#8220;initial&#8220; background_position=&#8220;top_right&#8220; custom_margin=&#8220;||60px&#8220; custom_padding=&#8220;|40px||40px||&#8220; border_width_all=&#8220;1px&#8220; border_color_all=&#8220;rgba(0,0,0,0.12)&#8220; locked=&#8220;off&#8220;][et_pb_column type=&#8220;4_4&#8243; _builder_version=&#8220;3.25&#8243; custom_padding=&#8220;|||&#8220; custom_padding__hover=&#8220;|||&#8220;][et_pb_text admin_label=&#8220;#taverne&#8220; module_id=&#8220;garten&#8220; _builder_version=&#8220;4.9.7&#8243; text_font=&#8220;|700|||||||&#8220; text_font_size=&#8220;17px&#8220; header_font=&#8220;||||||||&#8220; header_3_font=&#8220;Montserrat|600|||||||&#8220; header_3_text_color=&#8220;#d2ad6d&#8220; header_3_font_size=&#8220;70px&#8220; header_3_line_height=&#8220;1.2em&#8220; background_color=&#8220;#ffffff&#8220; background_color_gradient_direction=&#8220;90deg&#8220; text_orientation=&#8220;center&#8220; max_width=&#8220;580px&#8220; module_alignment=&#8220;center&#8220; custom_margin=&#8220;||-80px&#8220; custom_margin_tablet=&#8220;&#8220; custom_margin_phone=&#8220;||-60px|&#8220; custom_margin_last_edited=&#8220;on|phone&#8220; text_font_size_tablet=&#8220;&#8220; text_font_size_phone=&#8220;15px&#8220; text_font_size_last_edited=&#8220;on|phone&#8220; header_3_font_size_tablet=&#8220;50px&#8220; header_3_font_size_phone=&#8220;30px&#8220; header_3_font_size_last_edited=&#8220;on|phone&#8220;]<\/p>\n<h3>Garten<\/h3>\n<p>inklusive<\/p>\n<p>[\/et_pb_text][\/et_pb_column][\/et_pb_row][et_pb_row _builder_version=&#8220;3.25&#8243;][et_pb_column type=&#8220;4_4&#8243; _builder_version=&#8220;3.25&#8243; custom_padding=&#8220;|||&#8220; custom_padding__hover=&#8220;|||&#8220;][et_pb_text _builder_version=&#8220;4.9.10&#8243; text_font=&#8220;|300|||||||&#8220; text_font_size=&#8220;17px&#8220; text_line_height=&#8220;1.8em&#8220; text_orientation=&#8220;center&#8220; max_width=&#8220;800px&#8220; max_width_tablet=&#8220;none&#8220; max_width_last_edited=&#8220;off|phone&#8220; module_alignment=&#8220;center&#8220; hover_enabled=&#8220;0&#8243; text_font_size_tablet=&#8220;&#8220; text_font_size_phone=&#8220;15px&#8220; text_font_size_last_edited=&#8220;on|desktop&#8220; text_line_height_tablet=&#8220;&#8220; text_line_height_phone=&#8220;1.7em&#8220; text_line_height_last_edited=&#8220;on|phone&#8220; locked=&#8220;off&#8220; sticky_enabled=&#8220;0&#8243;]<\/p>\n<p>Durch das altert\u00fcmliche Tor gelangt man direkt von der Stra\u00dfe in den abgegrenzten Garten. Liebevoll angelegt und gepflegt bietet er Platz f\u00fcr Open-Air-Festlichkeiten. Aber auch Events f\u00fcr Kinder, die sich auf dem Rasen und unter den Schattenb\u00e4umen austoben k\u00f6nnen, bietet der Jordanhofgarten die perfekte Kulisse.<\/p>\n<p>[\/et_pb_text][et_pb_image src=&#8220;https:\/\/jordanhof.at\/backend_anmelden\/wp-content\/uploads\/2019\/10\/jordanhof-garten.png&#8220; align=&#8220;center&#8220; _builder_version=&#8220;3.29.3&#8243;][\/et_pb_image][\/et_pb_column][\/et_pb_row][\/et_pb_section][et_pb_section fb_built=&#8220;1&#8243; admin_label=&#8220;Classes&#8220; _builder_version=&#8220;3.22.7&#8243; custom_padding=&#8220;||133px|||&#8220;][et_pb_row _builder_version=&#8220;3.25&#8243; background_size=&#8220;initial&#8220; background_position=&#8220;top_right&#8220; custom_margin=&#8220;||60px&#8220; custom_padding=&#8220;|40px||40px||&#8220; border_width_all=&#8220;1px&#8220; border_color_all=&#8220;rgba(0,0,0,0.12)&#8220; locked=&#8220;off&#8220;][et_pb_column type=&#8220;4_4&#8243; _builder_version=&#8220;3.25&#8243; custom_padding=&#8220;|||&#8220; custom_padding__hover=&#8220;|||&#8220;][et_pb_text admin_label=&#8220;#taverne&#8220; module_id=&#8220;garten&#8220; _builder_version=&#8220;4.9.7&#8243; text_font=&#8220;|700|||||||&#8220; text_font_size=&#8220;17px&#8220; header_font=&#8220;||||||||&#8220; header_3_font=&#8220;Montserrat|600|||||||&#8220; header_3_text_color=&#8220;#d2ad6d&#8220; header_3_font_size=&#8220;70px&#8220; header_3_line_height=&#8220;1.2em&#8220; background_color=&#8220;#ffffff&#8220; background_color_gradient_direction=&#8220;90deg&#8220; text_orientation=&#8220;center&#8220; max_width=&#8220;600px&#8220; module_alignment=&#8220;center&#8220; custom_margin=&#8220;||-80px&#8220; custom_margin_tablet=&#8220;&#8220; custom_margin_phone=&#8220;||-60px|&#8220; custom_margin_last_edited=&#8220;on|phone&#8220; text_font_size_tablet=&#8220;&#8220; text_font_size_phone=&#8220;15px&#8220; text_font_size_last_edited=&#8220;on|phone&#8220; header_3_font_size_tablet=&#8220;50px&#8220; header_3_font_size_phone=&#8220;30px&#8220; header_3_font_size_last_edited=&#8220;on|phone&#8220;]<\/p>\n<h3>Mineralienraum<\/h3>\n<p>Ausstellungsraum \/ nicht zu mieten<\/p>\n<p>[\/et_pb_text][\/et_pb_column][\/et_pb_row][et_pb_row _builder_version=&#8220;3.25&#8243;][et_pb_column type=&#8220;4_4&#8243; _builder_version=&#8220;3.25&#8243; custom_padding=&#8220;|||&#8220; custom_padding__hover=&#8220;|||&#8220;][et_pb_image src=&#8220;https:\/\/jordanhof.at\/backend_anmelden\/wp-content\/uploads\/2020\/11\/2009-Mineraliensammlung-Johanna-Maurer-2.jpg&#8220; title_text=&#8220;2009 &#8211; Mineraliensammlung Johanna Maurer-2&#8243; align=&#8220;center&#8220; _builder_version=&#8220;4.6.0&#8243;][\/et_pb_image][et_pb_text _builder_version=&#8220;4.9.7&#8243; text_font=&#8220;|300|||||||&#8220; text_font_size=&#8220;17px&#8220; text_line_height=&#8220;1.8em&#8220; text_orientation=&#8220;center&#8220; max_width=&#8220;800px&#8220; max_width_tablet=&#8220;none&#8220; max_width_last_edited=&#8220;off|phone&#8220; module_alignment=&#8220;center&#8220; text_font_size_tablet=&#8220;&#8220; text_font_size_phone=&#8220;15px&#8220; text_font_size_last_edited=&#8220;on|desktop&#8220; text_line_height_tablet=&#8220;&#8220; text_line_height_phone=&#8220;1.7em&#8220; text_line_height_last_edited=&#8220;on|phone&#8220; locked=&#8220;off&#8220;]<\/p>\n<p>Im Kellergeschoss ist die Mineralienschau beheimatet, in modernen Vitrinen wird die Sammlung von Johanna Maurer mit Fundst\u00fccken aus dem Bezirk und dar\u00fcber hinaus pr\u00e4sentiert. Die Aufarbeitung der Bergbaugeschichte und Mitgliedschaft beim Montanhistorischen Verein sind seit 1994 Basis f\u00fcr die Dokumentation der Geschichte Steinfelds als mittelalterliches Zentrum des Goldbergbaus in den Hohen Tauern.<\/p>\n<p>[\/et_pb_text][\/et_pb_column][\/et_pb_row][\/et_pb_section]<\/p>\n","protected":false},"excerpt":{"rendered":"<p>Feiern im JordanhofTaverneAulaGartenDie wundersch\u00f6n rustikalen R\u00e4ume unseres Jordanhofes sind die ideale Location f\u00fcr Festlichkeiten aller Art. Alle angegebenen Preise sind exklusive Reinigungspauschale von 25\u20ac und Heizkostenpauschale in den Wintermonaten (September &#8211; Mai) von 30\u20ac.Taverne \u20ac 95 ohne K\u00fcche\u20ac 150 mit K\u00fcche &nbsp;Die Taverne mit integrierter Bar und angeschlossener K\u00fcche \u00fcberzeugt mit ihrem rusitkalen-mediterranen Charme. Das [&hellip;]<\/p>\n","protected":false},"author":1,"featured_media":0,"parent":46,"menu_order":0,"comment_status":"closed","ping_status":"closed","template":"","meta":{"_et_pb_use_builder":"on","_et_pb_old_content":"<!-- wp:divi\/placeholder \/-->","_et_gb_content_width":""},"_links":{"self":[{"href":"https:\/\/jordanhof.at\/index.php\/wp-json\/wp\/v2\/pages\/62"}],"collection":[{"href":"https:\/\/jordanhof.at\/index.php\/wp-json\/wp\/v2\/pages"}],"about":[{"href":"https:\/\/jordanhof.at\/index.php\/wp-json\/wp\/v2\/types\/page"}],"author":[{"embeddable":true,"href":"https:\/\/jordanhof.at\/index.php\/wp-json\/wp\/v2\/users\/1"}],"replies":[{"embeddable":true,"href":"https:\/\/jordanhof.at\/index.php\/wp-json\/wp\/v2\/comments?post=62"}],"version-history":[{"count":42,"href":"https:\/\/jordanhof.at\/index.php\/wp-json\/wp\/v2\/pages\/62\/revisions"}],"predecessor-version":[{"id":1336,"href":"https:\/\/jordanhof.at\/index.php\/wp-json\/wp\/v2\/pages\/62\/revisions\/1336"}],"up":[{"embeddable":true,"href":"https:\/\/jordanhof.at\/index.php\/wp-json\/wp\/v2\/pages\/46"}],"wp:attachment":[{"href":"https:\/\/jordanhof.at\/index.php\/wp-json\/wp\/v2\/media?parent=62"}],"curies":[{"name":"wp","href":"https:\/\/api.w.org\/{rel}","templated":true}]}}