{"id":58,"date":"2019-06-03T15:04:08","date_gmt":"2019-06-03T15:04:08","guid":{"rendered":"https:\/\/jordanhof.at\/backend_anmelden\/?page_id=58"},"modified":"2021-09-20T06:41:19","modified_gmt":"2021-09-20T06:41:19","slug":"textile-kunst","status":"publish","type":"page","link":"https:\/\/jordanhof.at\/index.php\/foerderverein\/textile-kunst\/","title":{"rendered":"Textile Kunst"},"content":{"rendered":"<p>[et_pb_section fb_built=&#8220;1&#8243; custom_padding_last_edited=&#8220;on|phone&#8220; admin_label=&#8220;Header&#8220; _builder_version=&#8220;4.9.7&#8243; use_background_color_gradient=&#8220;on&#8220; background_color_gradient_start=&#8220;#d2ad6d&#8220; background_color_gradient_end=&#8220;rgba(255,255,255,0)&#8220; background_color_gradient_direction=&#8220;188deg&#8220; background_color_gradient_start_position=&#8220;25%&#8220; background_color_gradient_overlays_image=&#8220;on&#8220; background_enable_image=&#8220;off&#8220; width=&#8220;100%&#8220; max_width=&#8220;100%&#8220; max_width_tablet=&#8220;&#8220; max_width_phone=&#8220;&#8220; max_width_last_edited=&#8220;on|desktop&#8220; custom_margin=&#8220;0px||7px||false|false&#8220; custom_margin_tablet=&#8220;&#8220; custom_margin_phone=&#8220;&#8220; custom_margin_last_edited=&#8220;on|tablet&#8220; custom_padding=&#8220;80px||89px||false|false&#8220; custom_padding_tablet=&#8220;52px||42px||false|false&#8220; custom_padding_phone=&#8220;42px||32px||false|false&#8220; hover_enabled=&#8220;0&#8243; sticky_enabled=&#8220;0&#8243;][et_pb_row _builder_version=&#8220;3.25&#8243; background_size=&#8220;initial&#8220; background_position=&#8220;top_right&#8220; custom_margin=&#8220;|auto|6px|auto||&#8220; custom_padding=&#8220;0px|40px|4px|40px||&#8220; border_width_all=&#8220;1px&#8220; border_color_all=&#8220;rgba(0,0,0,0.12)&#8220; locked=&#8220;off&#8220;][et_pb_column type=&#8220;4_4&#8243; _builder_version=&#8220;3.25&#8243; custom_padding=&#8220;|||&#8220; custom_padding__hover=&#8220;|||&#8220;][et_pb_image src=&#8220;https:\/\/jordanhof.at\/backend_anmelden\/wp-content\/uploads\/2020\/11\/Textile-Kunst-Logo.png&#8220; title_text=&#8220;Textile-Kunst-Logo&#8220; align=&#8220;right&#8220; show_bottom_space_tablet=&#8220;&#8220; show_bottom_space_phone=&#8220;on&#8220; show_bottom_space_last_edited=&#8220;on|phone&#8220; disabled_on=&#8220;off|off|off&#8220; _builder_version=&#8220;4.9.7&#8243; width=&#8220;100%&#8220; max_width=&#8220;200px&#8220; max_width_tablet=&#8220;&#8220; max_width_phone=&#8220;120px&#8220; max_width_last_edited=&#8220;on|phone&#8220; custom_margin=&#8220;-54px|-9vw|||false|false&#8220; custom_margin_tablet=&#8220;-41px|-14vw|-111px||false|false&#8220; custom_margin_phone=&#8220;-36px|-19vw|-20px||false|false&#8220; custom_margin_last_edited=&#8220;on|phone&#8220; custom_padding_tablet=&#8220;|0px|0px|7px|false|false&#8220; custom_padding_phone=&#8220;||0px|20px|false|false&#8220; custom_padding_last_edited=&#8220;on|tablet&#8220; border_width_all=&#8220;0px&#8220; always_center_on_mobile=&#8220;off&#8220; locked=&#8220;off&#8220;][\/et_pb_image][et_pb_text admin_label=&#8220;Sektion&#8220; _builder_version=&#8220;4.6.0&#8243; header_font=&#8220;||||||||&#8220; header_2_font=&#8220;Muli|800||on|||||&#8220; header_2_font_size=&#8220;12px&#8220; header_2_letter_spacing=&#8220;0.7em&#8220; transform_scale_tablet=&#8220;&#8220; transform_scale_phone=&#8220;&#8220; transform_scale_last_edited=&#8220;on|tablet&#8220; transform_translate=&#8220;-100px|0px&#8220; transform_translate_tablet=&#8220;0px|0px&#8220; transform_translate_phone=&#8220;&#8220; transform_translate_last_edited=&#8220;on|tablet&#8220; transform_translate_linked=&#8220;off&#8220; transform_rotate=&#8220;0deg|0deg|270deg&#8220; transform_rotate_tablet=&#8220;0deg|0deg|0deg&#8220; transform_rotate_phone=&#8220;&#8220; transform_rotate_last_edited=&#8220;on|desktop&#8220; transform_skew_tablet=&#8220;&#8220; transform_skew_phone=&#8220;&#8220; transform_skew_last_edited=&#8220;on|desktop&#8220; transform_origin=&#8220;0%|50%&#8220; transform_origin_tablet=&#8220;&#8220; transform_origin_phone=&#8220;&#8220; transform_origin_last_edited=&#8220;on|desktop&#8220; transform_styles_last_edited=&#8220;on|tablet&#8220; max_width=&#8220;150px&#8220; custom_margin=&#8220;||-60px&#8220; custom_margin_tablet=&#8220;||20px&#8220; custom_margin_phone=&#8220;&#8220; custom_margin_last_edited=&#8220;on|tablet&#8220; transform_styles_tablet=&#8220;&#8220; transform_styles_phone=&#8220;&#8220; locked=&#8220;off&#8220;]<\/p>\n<h2>Sektion<\/h2>\n<p>[\/et_pb_text][et_pb_text _builder_version=&#8220;4.6.0&#8243; text_font=&#8220;Muli||||||||&#8220; text_font_size=&#8220;17px&#8220; text_line_height=&#8220;2em&#8220; header_font=&#8220;||||||||&#8220; header_3_font=&#8220;Montserrat|600|||||||&#8220; header_3_font_size=&#8220;70px&#8220; header_3_line_height=&#8220;1.2em&#8220; background_enable_color=&#8220;off&#8220; background_color_gradient_direction=&#8220;90deg&#8220; max_width=&#8220;700px&#8220; custom_margin=&#8220;-126px||0px|-70px||&#8220; custom_margin_tablet=&#8220;0px||20px&#8220; custom_margin_phone=&#8220;|||-56px&#8220; custom_margin_last_edited=&#8220;on|phone&#8220; text_font_size_tablet=&#8220;&#8220; text_font_size_phone=&#8220;15px&#8220; text_font_size_last_edited=&#8220;on|desktop&#8220; text_line_height_tablet=&#8220;&#8220; text_line_height_phone=&#8220;1.7em&#8220; text_line_height_last_edited=&#8220;on|phone&#8220; header_3_font_size_tablet=&#8220;50px&#8220; header_3_font_size_phone=&#8220;30px&#8220; header_3_font_size_last_edited=&#8220;on|phone&#8220;]<\/p>\n<h3>Textile Kunst<\/h3>\n<p>&nbsp;<\/p>\n<p>[\/et_pb_text][\/et_pb_column][\/et_pb_row][\/et_pb_section][et_pb_section fb_built=&#8220;1&#8243; specialty=&#8220;on&#8220; padding_top_1=&#8220;0px&#8220; admin_label=&#8220;Workshops&#8220; _builder_version=&#8220;4.6.0&#8243; background_enable_image=&#8220;off&#8220; parallax=&#8220;on&#8220; inner_width=&#8220;90%&#8220; inner_width_tablet=&#8220;&#8220; inner_width_phone=&#8220;80%&#8220; inner_width_last_edited=&#8220;on|desktop&#8220; inner_max_width=&#8220;1440px&#8220; inner_max_width_phone=&#8220;80%&#8220; inner_max_width_last_edited=&#8220;off|desktop&#8220; custom_padding=&#8220;|0px|0px|||&#8220; hover_enabled=&#8220;0&#8243; locked=&#8220;off&#8220; sticky_enabled=&#8220;0&#8243;][et_pb_column type=&#8220;1_3&#8243; _builder_version=&#8220;3.25&#8243; custom_padding=&#8220;|||&#8220; custom_padding__hover=&#8220;|||&#8220;][et_pb_image src=&#8220;https:\/\/jordanhof.at\/backend_anmelden\/wp-content\/uploads\/2020\/11\/Erika-Naschenweng-Textile-Kunst.jpg&#8220; title_text=&#8220;Erika Naschenweng &#8211; Textile Kunst&#8220; align_tablet=&#8220;center&#8220; align_phone=&#8220;&#8220; align_last_edited=&#8220;on|phone&#8220; _builder_version=&#8220;4.9.7&#8243; background_enable_image=&#8220;off&#8220; background_size=&#8220;contain&#8220; max_width=&#8220;100%&#8220; custom_margin=&#8220;||||false|false&#8220; custom_margin_tablet=&#8220;|0px||&#8220; custom_margin_phone=&#8220;||-60px||false|false&#8220; custom_margin_last_edited=&#8220;on|phone&#8220; custom_padding=&#8220;||&#8220; custom_padding_tablet=&#8220;|||0px&#8220; custom_padding_phone=&#8220;0px|0px|0px|0px|false|false&#8220; custom_padding_last_edited=&#8220;on|desktop&#8220; border_width_all=&#8220;0px&#8220; locked=&#8220;off&#8220;][\/et_pb_image][et_pb_text content_tablet=&#8220;<\/p>\n<p style=%22text-align: center;%22>Kontaktperson %22Textile Kunst%22<br \/><strong>Erika Naschenweng<\/strong><br \/>0677\/61917886<span class=%22Apple-converted-space%22><br \/><\/span><span class=%22Apple-converted-space%22>erika.naschenweng@aon.at<\/span><\/p>\n<p>&#8220; content_phone=&#8220;&#8220; content_last_edited=&#8220;on|tablet&#8220; _builder_version=&#8220;4.9.7&#8243; text_font=&#8220;|300|||||||&#8220; text_orientation_tablet=&#8220;left&#8220; text_orientation_phone=&#8220;&#8220; text_orientation_last_edited=&#8220;on|tablet&#8220;]<\/p>\n<p style=\"text-align: left;\"><strong>Kontaktperson &#8222;Textile Kunst&#8220;<\/strong><br \/>Erika Naschenweng<br \/>0677\/61917886<span class=\"Apple-converted-space\"><br \/><\/span><span class=\"Apple-converted-space\">erika.naschenweng@aon.at<\/span><\/p>\n<p>[\/et_pb_text][\/et_pb_column][et_pb_column type=&#8220;2_3&#8243; specialty_columns=&#8220;2&#8243; _builder_version=&#8220;3.25&#8243; custom_padding=&#8220;|||&#8220; custom_padding__hover=&#8220;|||&#8220;][et_pb_row_inner column_structure=&#8220;1_2,1_2&#8243; _builder_version=&#8220;4.6.0&#8243; border_color_all=&#8220;rgba(0,0,0,0.12)&#8220; border_width_bottom=&#8220;0px&#8220; border_width_left=&#8220;0px&#8220;][et_pb_column_inner type=&#8220;1_2&#8243; saved_specialty_column_type=&#8220;2_3&#8243; _builder_version=&#8220;3.25&#8243; custom_padding=&#8220;|||&#8220; custom_padding__hover=&#8220;|||&#8220;][et_pb_text _builder_version=&#8220;4.9.7&#8243; text_font=&#8220;||||||||&#8220; text_text_color=&#8220;#000000&#8243; text_font_size=&#8220;17px&#8220; text_line_height=&#8220;2em&#8220; header_font=&#8220;||||||||&#8220; header_3_font=&#8220;Montserrat|600|||||||&#8220; header_3_text_color=&#8220;#4d6474&#8243; header_3_font_size=&#8220;70px&#8220; header_3_line_height=&#8220;1.2em&#8220; custom_margin=&#8220;50px|||-100px&#8220; custom_margin_tablet=&#8220;31px|||0px|false|false&#8220; custom_margin_phone=&#8220;&#8220; custom_margin_last_edited=&#8220;on|tablet&#8220; custom_padding=&#8220;0px||0px||false|false&#8220; header_3_font_size_tablet=&#8220;50px&#8220; header_3_font_size_phone=&#8220;30px&#8220; header_3_font_size_last_edited=&#8220;on|phone&#8220; locked=&#8220;off&#8220;]<\/p>\n<h3><span style=\"color: #000000;\">Wer wir sind:<\/span><\/h3>\n<p>[\/et_pb_text][\/et_pb_column_inner][et_pb_column_inner type=&#8220;1_2&#8243; saved_specialty_column_type=&#8220;2_3&#8243; _builder_version=&#8220;3.29.3&#8243;][et_pb_text _builder_version=&#8220;3.27.4&#8243; header_font=&#8220;||||||||&#8220; header_2_font=&#8220;Muli|800||on|||||&#8220; header_2_font_size=&#8220;12px&#8220; header_2_letter_spacing=&#8220;0.7em&#8220; transform_scale_tablet=&#8220;&#8220; transform_scale_phone=&#8220;&#8220; transform_scale_last_edited=&#8220;on|desktop&#8220; transform_translate=&#8220;70px|200px&#8220; transform_translate_tablet=&#8220;0px|0px&#8220; transform_translate_phone=&#8220;&#8220; transform_translate_last_edited=&#8220;on|desktop&#8220; transform_translate_linked=&#8220;off&#8220; transform_rotate=&#8220;0deg|0deg|270deg&#8220; transform_rotate_tablet=&#8220;0deg|0deg|0deg&#8220; transform_rotate_phone=&#8220;&#8220; transform_rotate_last_edited=&#8220;on|tablet&#8220; transform_skew_tablet=&#8220;&#8220; transform_skew_phone=&#8220;&#8220; transform_skew_last_edited=&#8220;on|desktop&#8220; transform_origin=&#8220;0%|50%&#8220; transform_origin_tablet=&#8220;&#8220; transform_origin_phone=&#8220;&#8220; transform_origin_last_edited=&#8220;on|desktop&#8220; transform_styles_last_edited=&#8220;on|tablet&#8220; max_width=&#8220;160px&#8220; custom_margin=&#8220;||-60px|&#8220; custom_margin_tablet=&#8220;||20px&#8220; custom_margin_phone=&#8220;&#8220; custom_margin_last_edited=&#8220;on|tablet&#8220; transform_styles_tablet=&#8220;&#8220; transform_styles_phone=&#8220;&#8220; locked=&#8220;off&#8220;][\/et_pb_text][\/et_pb_column_inner][\/et_pb_row_inner][et_pb_row_inner use_custom_gutter=&#8220;on&#8220; gutter_width=&#8220;1&#8243; _builder_version=&#8220;4.9.7&#8243; custom_margin_tablet=&#8220;||||false|false&#8220; custom_margin_phone=&#8220;-70px||||false|false&#8220; custom_margin_last_edited=&#8220;on|phone&#8220; custom_padding=&#8220;||||false|false&#8220; locked=&#8220;off&#8220;][et_pb_column_inner saved_specialty_column_type=&#8220;2_3&#8243; _builder_version=&#8220;3.25&#8243; custom_padding=&#8220;|||&#8220; custom_padding__hover=&#8220;|||&#8220;][et_pb_text _builder_version=&#8220;4.9.10&#8243; text_font=&#8220;|300|||||||&#8220; text_font_size=&#8220;17px&#8220; text_line_height=&#8220;1.8em&#8220; header_font=&#8220;||||||||&#8220; header_2_font=&#8220;Montserrat|600|||||||&#8220; header_2_font_size=&#8220;80px&#8220; header_2_line_height=&#8220;1.2em&#8220; background_color_gradient_direction=&#8220;90deg&#8220; custom_margin=&#8220;||-4px|||&#8220; custom_margin_tablet=&#8220;-15%||-96px||false|false&#8220; custom_margin_phone=&#8220;&#8220; custom_margin_last_edited=&#8220;on|tablet&#8220; custom_padding=&#8220;||0px|||&#8220; text_font_size_tablet=&#8220;&#8220; text_font_size_phone=&#8220;15px&#8220; text_font_size_last_edited=&#8220;on|phone&#8220; text_line_height_tablet=&#8220;&#8220; text_line_height_phone=&#8220;1.7em&#8220; text_line_height_last_edited=&#8220;on|phone&#8220; header_2_font_size_tablet=&#8220;50px&#8220; header_2_font_size_phone=&#8220;30px&#8220; header_2_font_size_last_edited=&#8220;on|phone&#8220; locked=&#8220;off&#8220;]<\/p>\n<p><span>Seit Anfang 2014 hat sich in Steinfeld eine neue Gruppe zusammen gefunden. Unter dem Namen <strong>&#8222;Textile Kunst&#8220;<\/strong> werden Handarbeitstechniken rund um Stoff und Garn zusammengefasst. &#8222;Textile Kunst&#8220; ist eine Sektion des F\u00f6rdervereins Sch\u00f6nfeld und hat ihr Zuhause im Jordanhof.<\/span><\/p>\n<p><span>Die liebevolll gestalteten R\u00e4ume im Jordanhof laden direkt dazu ein, mit sch\u00f6nen Materialien kreativ zu werden. Ausgehend von Patchwork und Quilten, dem Bereich, aus dem die Organisatorinnen kommen, ist es das Ziel der Gruppe, Neues zu entdecken und Altes zu bewahren. der Umgang mit modernen Materialien ist genauso spannend wie die Herausforderung, alte Techniken zu erlernen und zu pflegen, damit sie nicht in Vergessenheit geraten.<\/span><\/p>\n<p><span>Ideen gibt es viele. Neben den vielf\u00e4ltigen M\u00f6glichkeiten, die es mit Nadel und Faden gibt, m\u00f6chten wir z.B. hin und wieder unsere eigenen Stoffe f\u00e4rben und bemalen, Fotos auf Textilien bannen oder uns einmal am Weben oder Spinnen versuchen. Dar\u00fcber hinaus m\u00f6chten wir zu den unterschiedlichsten Techniken Workshops oder Kurse mit Spezialisten aus den eigenen Reihen oder eingeladenen Experten anbieten. Unserer Kreativit\u00e4t sind also kaum Grenzen gesetzt, sondern richtet sich allein nach den Interessen der Mitwirkenden.\u00a0<\/span><\/p>\n<p><span>Mitmachen kann jeder, der an Handarbeiten interessiert ist und in diesem Bereich aktiv sein will. Einmal im Monat treffen wir uns zum Quilten oder Kl\u00f6ppeln, um uns auszutauschen, an eigenen oder gemeinsamen Projekten zu arbeiten und uns gegenseitig zu inspirieren.<\/span><\/p>\n<p><span><\/span><\/p>\n<p>&nbsp;<\/p>\n<p>[\/et_pb_text][\/et_pb_column_inner][\/et_pb_row_inner][et_pb_row_inner _builder_version=&#8220;4.9.7&#8243; _module_preset=&#8220;default&#8220; custom_margin_tablet=&#8220;&#8220; custom_margin_phone=&#8220;&#8220; custom_margin_last_edited=&#8220;on|tablet&#8220; custom_padding=&#8220;||0px|||&#8220;][et_pb_column_inner saved_specialty_column_type=&#8220;2_3&#8243; _builder_version=&#8220;4.6.0&#8243; _module_preset=&#8220;default&#8220;][et_pb_gallery gallery_ids=&#8220;865,866,867,868,869&#8243; gallery_orderby=&#8220;rand&#8220; show_title_and_caption=&#8220;off&#8220; hover_icon=&#8220;%%28%%&#8220; _builder_version=&#8220;4.6.0&#8243; _module_preset=&#8220;default&#8220; title_text_color=&#8220;#000000&#8243; pagination_text_color=&#8220;#000000&#8243;][\/et_pb_gallery][\/et_pb_column_inner][\/et_pb_row_inner][\/et_pb_column][\/et_pb_section][et_pb_section fb_built=&#8220;1&#8243; _builder_version=&#8220;4.6.0&#8243; _module_preset=&#8220;default&#8220; custom_padding=&#8220;0px|||||&#8220;][\/et_pb_section]<\/p>\n","protected":false},"excerpt":{"rendered":"<p>SektionTextile Kunst &nbsp;Kontaktperson &#8222;Textile Kunst&#8220;Erika Naschenweng0677\/61917886erika.naschenweng@aon.atWer wir sind:Seit Anfang 2014 hat sich in Steinfeld eine neue Gruppe zusammen gefunden. Unter dem Namen &#8222;Textile Kunst&#8220; werden Handarbeitstechniken rund um Stoff und Garn zusammengefasst. &#8222;Textile Kunst&#8220; ist eine Sektion des F\u00f6rdervereins Sch\u00f6nfeld und hat ihr Zuhause im Jordanhof. Die liebevolll gestalteten R\u00e4ume im Jordanhof laden direkt dazu [&hellip;]<\/p>\n","protected":false},"author":1,"featured_media":0,"parent":44,"menu_order":0,"comment_status":"closed","ping_status":"closed","template":"","meta":{"_et_pb_use_builder":"on","_et_pb_old_content":"<!-- wp:divi\/placeholder \/-->","_et_gb_content_width":""},"_links":{"self":[{"href":"https:\/\/jordanhof.at\/index.php\/wp-json\/wp\/v2\/pages\/58"}],"collection":[{"href":"https:\/\/jordanhof.at\/index.php\/wp-json\/wp\/v2\/pages"}],"about":[{"href":"https:\/\/jordanhof.at\/index.php\/wp-json\/wp\/v2\/types\/page"}],"author":[{"embeddable":true,"href":"https:\/\/jordanhof.at\/index.php\/wp-json\/wp\/v2\/users\/1"}],"replies":[{"embeddable":true,"href":"https:\/\/jordanhof.at\/index.php\/wp-json\/wp\/v2\/comments?post=58"}],"version-history":[{"count":41,"href":"https:\/\/jordanhof.at\/index.php\/wp-json\/wp\/v2\/pages\/58\/revisions"}],"predecessor-version":[{"id":1366,"href":"https:\/\/jordanhof.at\/index.php\/wp-json\/wp\/v2\/pages\/58\/revisions\/1366"}],"up":[{"embeddable":true,"href":"https:\/\/jordanhof.at\/index.php\/wp-json\/wp\/v2\/pages\/44"}],"wp:attachment":[{"href":"https:\/\/jordanhof.at\/index.php\/wp-json\/wp\/v2\/media?parent=58"}],"curies":[{"name":"wp","href":"https:\/\/api.w.org\/{rel}","templated":true}]}}