{"id":485,"date":"2019-11-12T14:06:15","date_gmt":"2019-11-12T14:06:15","guid":{"rendered":"https:\/\/jordanhof.at\/backend_anmelden\/?page_id=485"},"modified":"2021-07-12T09:40:10","modified_gmt":"2021-07-12T09:40:10","slug":"geschenkbox","status":"publish","type":"page","link":"https:\/\/jordanhof.at\/index.php\/zeitschrift-2\/geschenkbox\/","title":{"rendered":"Geschenkbox"},"content":{"rendered":"<p>[et_pb_section fb_built=&#8220;1&#8243; custom_padding_last_edited=&#8220;on|phone&#8220; admin_label=&#8220;Header&#8220; _builder_version=&#8220;4.9.7&#8243; use_background_color_gradient=&#8220;on&#8220; background_color_gradient_start=&#8220;#4d6474&#8243; background_color_gradient_end=&#8220;#ffffff&#8220; background_size=&#8220;initial&#8220; background_position=&#8220;top_center&#8220; custom_margin=&#8220;||9px|||&#8220; custom_padding=&#8220;136px||86px|||&#8220; custom_padding_tablet=&#8220;100px||||false|false&#8220; custom_padding_phone=&#8220;80px||0px||false|false&#8220; hover_enabled=&#8220;0&#8243; locked=&#8220;off&#8220; sticky_enabled=&#8220;0&#8243;][et_pb_row _builder_version=&#8220;3.25&#8243; background_size=&#8220;initial&#8220; background_position=&#8220;top_right&#8220; custom_margin=&#8220;|auto|6px|auto||&#8220; custom_padding=&#8220;0px|40px|4px|40px||&#8220; border_width_all=&#8220;1px&#8220; border_color_all=&#8220;rgba(0,0,0,0.12)&#8220; locked=&#8220;off&#8220;][et_pb_column type=&#8220;4_4&#8243; _builder_version=&#8220;3.25&#8243; custom_padding=&#8220;|||&#8220; custom_padding__hover=&#8220;|||&#8220;][et_pb_image src=&#8220;https:\/\/jordanhof.at\/backend_anmelden\/wp-content\/uploads\/2019\/06\/Favicon-296&#215;300.png&#8220; title_text=&#8220;Favicon&#8220; align=&#8220;right&#8220; _builder_version=&#8220;4.9.7&#8243; max_width=&#8220;200px&#8220; max_width_tablet=&#8220;&#8220; max_width_phone=&#8220;120px&#8220; max_width_last_edited=&#8220;on|phone&#8220; custom_margin=&#8220;-29px|-8vw|||false|false&#8220; custom_margin_tablet=&#8220;||-100px&#8220; custom_margin_phone=&#8220;-118px|-18vw|-35px||false|false&#8220; custom_margin_last_edited=&#8220;on|phone&#8220; custom_padding_tablet=&#8220;&#8220; custom_padding_phone=&#8220;48px||||false|false&#8220; custom_padding_last_edited=&#8220;on|phone&#8220; always_center_on_mobile=&#8220;off&#8220; locked=&#8220;off&#8220;][\/et_pb_image][et_pb_text admin_label=&#8220;Text&#8220; _builder_version=&#8220;4.9.7&#8243; header_font=&#8220;||||||||&#8220; header_2_font=&#8220;Muli|800||on|||||&#8220; header_2_font_size=&#8220;12px&#8220; header_2_letter_spacing=&#8220;0.7em&#8220; transform_scale_tablet=&#8220;&#8220; transform_scale_phone=&#8220;&#8220; transform_scale_last_edited=&#8220;on|tablet&#8220; transform_translate=&#8220;-100px|0px&#8220; transform_translate_tablet=&#8220;0px|0px&#8220; transform_translate_phone=&#8220;&#8220; transform_translate_last_edited=&#8220;on|tablet&#8220; transform_translate_linked=&#8220;off&#8220; transform_rotate=&#8220;0deg|0deg|270deg&#8220; transform_rotate_tablet=&#8220;0deg|0deg|0deg&#8220; transform_rotate_phone=&#8220;&#8220; transform_rotate_last_edited=&#8220;on|desktop&#8220; transform_skew_tablet=&#8220;&#8220; transform_skew_phone=&#8220;&#8220; transform_skew_last_edited=&#8220;on|desktop&#8220; transform_origin=&#8220;0%|50%&#8220; transform_origin_tablet=&#8220;&#8220; transform_origin_phone=&#8220;&#8220; transform_origin_last_edited=&#8220;on|desktop&#8220; transform_styles_last_edited=&#8220;on|tablet&#8220; max_width=&#8220;150px&#8220; custom_margin=&#8220;||-60px&#8220; custom_margin_tablet=&#8220;||20px&#8220; custom_margin_phone=&#8220;&#8220; custom_margin_last_edited=&#8220;on|tablet&#8220; custom_padding=&#8220;||0px|||&#8220; transform_styles_tablet=&#8220;&#8220; transform_styles_phone=&#8220;&#8220; locked=&#8220;off&#8220;]<\/p>\n<h2>Pr\u00e4sent<\/h2>\n<p>[\/et_pb_text][et_pb_text content_tablet=&#8220;&#8220; content_phone=&#8220;<\/p>\n<h3 style=%22text-align: left;%22>Der Steinfelder<br \/><span style=%22font-size: 15px;%22>Zeitschrift f\u00fcr Gesellschaft, Geschichte und Kultur<\/span><\/h3>\n<\/p>\n<p>&#8220; content_last_edited=&#8220;on|phone&#8220; admin_label=&#8220;Der Steinfelder&#8220; _builder_version=&#8220;4.9.7&#8243; text_font=&#8220;||||||||&#8220; text_font_size=&#8220;17px&#8220; text_line_height=&#8220;1.8em&#8220; header_font=&#8220;||||||||&#8220; header_3_font=&#8220;Montserrat|600|||||||&#8220; header_3_font_size=&#8220;70px&#8220; header_3_line_height=&#8220;1.2em&#8220; background_enable_color=&#8220;off&#8220; background_color_gradient_direction=&#8220;90deg&#8220; max_width=&#8220;760px&#8220; custom_margin=&#8220;-126px||0px|-70px||&#8220; custom_margin_tablet=&#8220;0px||20px&#8220; custom_margin_phone=&#8220;|||-56px&#8220; custom_margin_last_edited=&#8220;on|phone&#8220; custom_padding=&#8220;|0px||||&#8220; text_font_size_tablet=&#8220;&#8220; text_font_size_phone=&#8220;15px&#8220; text_font_size_last_edited=&#8220;on|phone&#8220; text_line_height_phone=&#8220;1.7em&#8220; text_line_height_last_edited=&#8220;off|desktop&#8220; header_3_font_size_tablet=&#8220;50px&#8220; header_3_font_size_phone=&#8220;30px&#8220; header_3_font_size_last_edited=&#8220;on|phone&#8220;]<\/p>\n<h3>Geschenkbox<\/h3>\n<h3><span style=\"font-size: 20px;\">Der Steinfelder in \u00fcber 100 Ausgaben<\/span><\/h3>\n<p>&nbsp;<\/p>\n<p>[\/et_pb_text][\/et_pb_column][\/et_pb_row][\/et_pb_section][et_pb_section fb_built=&#8220;1&#8243; _builder_version=&#8220;3.23.3&#8243; custom_padding=&#8220;24px|||||&#8220;][et_pb_row _builder_version=&#8220;3.25&#8243;][et_pb_column type=&#8220;4_4&#8243; _builder_version=&#8220;3.25&#8243; custom_padding=&#8220;|||&#8220; custom_padding__hover=&#8220;|||&#8220;][et_pb_image src=&#8220;https:\/\/jordanhof.at\/backend_anmelden\/wp-content\/uploads\/2019\/11\/Steinfelder_Geschenkebox.jpg&#8220; _builder_version=&#8220;4.0.6&#8243;][\/et_pb_image][\/et_pb_column][\/et_pb_row][\/et_pb_section][et_pb_section fb_built=&#8220;1&#8243; custom_padding_last_edited=&#8220;on|phone&#8220; admin_label=&#8220;Get Started&#8220; _builder_version=&#8220;4.9.7&#8243; background_size=&#8220;initial&#8220; background_position=&#8220;top_center&#8220; custom_padding_tablet=&#8220;&#8220; custom_padding_phone=&#8220;1px||||false|false&#8220;][et_pb_row _builder_version=&#8220;3.25&#8243; background_size=&#8220;initial&#8220; background_position=&#8220;top_right&#8220; custom_margin=&#8220;||60px&#8220; custom_padding=&#8220;|40px||40px||&#8220; border_width_all=&#8220;1px&#8220; border_color_all=&#8220;rgba(0,0,0,0.12)&#8220; locked=&#8220;off&#8220;][et_pb_column type=&#8220;4_4&#8243; _builder_version=&#8220;3.25&#8243; custom_padding=&#8220;|||&#8220; custom_padding__hover=&#8220;|||&#8220;][et_pb_text _builder_version=&#8220;4.9.7&#8243; header_font=&#8220;||||||||&#8220; header_2_font=&#8220;Muli|800||on|||||&#8220; header_2_font_size=&#8220;12px&#8220; header_2_letter_spacing=&#8220;0.7em&#8220; transform_scale_tablet=&#8220;&#8220; transform_scale_phone=&#8220;&#8220; transform_scale_last_edited=&#8220;on|tablet&#8220; transform_translate=&#8220;-100px|100px&#8220; transform_translate_tablet=&#8220;0px|0px&#8220; transform_translate_phone=&#8220;&#8220; transform_translate_last_edited=&#8220;on|tablet&#8220; transform_translate_linked=&#8220;off&#8220; transform_rotate=&#8220;0deg|0deg|270deg&#8220; transform_rotate_tablet=&#8220;0deg|0deg|0deg&#8220; transform_rotate_phone=&#8220;&#8220; transform_rotate_last_edited=&#8220;on|desktop&#8220; transform_skew_tablet=&#8220;&#8220; transform_skew_phone=&#8220;&#8220; transform_skew_last_edited=&#8220;on|desktop&#8220; transform_origin=&#8220;0%|50%&#8220; transform_origin_tablet=&#8220;&#8220; transform_origin_phone=&#8220;&#8220; transform_origin_last_edited=&#8220;on|desktop&#8220; transform_styles_last_edited=&#8220;on|tablet&#8220; max_width=&#8220;280px&#8220; custom_margin=&#8220;||-60px&#8220; custom_margin_tablet=&#8220;||20px&#8220; custom_margin_phone=&#8220;&#8220; custom_margin_last_edited=&#8220;on|tablet&#8220; transform_styles_tablet=&#8220;&#8220; transform_styles_phone=&#8220;&#8220; locked=&#8220;off&#8220;]<\/p>\n<h2>Komplett<\/h2>\n<p>[\/et_pb_text][et_pb_text _builder_version=&#8220;4.6.0&#8243; header_font=&#8220;||||||||&#8220; header_3_font=&#8220;Montserrat|600|||||||&#8220; header_3_font_size=&#8220;70px&#8220; header_3_line_height=&#8220;1.2em&#8220; background_color=&#8220;#ffffff&#8220; background_color_gradient_direction=&#8220;90deg&#8220; max_width=&#8220;700px&#8220; custom_margin=&#8220;||23px|-70px|false|false&#8220; custom_margin_tablet=&#8220;0px||&#8220; custom_margin_phone=&#8220;|||-56px&#8220; custom_margin_last_edited=&#8220;on|phone&#8220; header_3_font_size_tablet=&#8220;50px&#8220; header_3_font_size_phone=&#8220;30px&#8220; header_3_font_size_last_edited=&#8220;on|phone&#8220;]<\/p>\n<h3>Zeitdokument<\/h3>\n<p>&nbsp;<\/p>\n<p>[\/et_pb_text][et_pb_text _builder_version=&#8220;4.9.7&#8243; text_font=&#8220;|300|||||||&#8220; text_font_size=&#8220;17px&#8220; text_line_height=&#8220;1.8em&#8220; header_font=&#8220;||||||||&#8220; width_tablet=&#8220;100%&#8220; width_last_edited=&#8220;off|desktop&#8220; max_width=&#8220;650px&#8220; module_alignment=&#8220;left&#8220; text_font_size_tablet=&#8220;&#8220; text_font_size_phone=&#8220;15px&#8220; text_font_size_last_edited=&#8220;on|phone&#8220; text_line_height_tablet=&#8220;&#8220; text_line_height_phone=&#8220;1.7em&#8220; text_line_height_last_edited=&#8220;on|phone&#8220;]<\/p>\n<p><strong>Die komplette \u201eSteinfelder\u201c-Edition als wunderbares Zeitdokument!<\/strong> Lesen Sie Interessantes \u00fcber Geschichte, Kultur, Brauchtum und Feste, \u00fcber Vereinst\u00e4tigkeiten, Haus- und Lebensgeschichten und vieles, vieles mehr. Entdecken Sie liebe Verwandte, Bekannte und Freunde! Begeben Sie sich auf eine Reise in die Vergangenheit, durch mittlerweile 104 Ausgaben!<\/p>\n<p>[\/et_pb_text][\/et_pb_column][\/et_pb_row][\/et_pb_section][et_pb_section fb_built=&#8220;1&#8243; custom_padding_last_edited=&#8220;on|phone&#8220; admin_label=&#8220;Get Started&#8220; _builder_version=&#8220;4.9.7&#8243; background_size=&#8220;initial&#8220; background_position=&#8220;top_center&#8220; custom_padding_tablet=&#8220;&#8220; custom_padding_phone=&#8220;1px||||false|false&#8220;][et_pb_row _builder_version=&#8220;3.25&#8243; background_size=&#8220;initial&#8220; background_position=&#8220;top_right&#8220; custom_margin=&#8220;||60px&#8220; custom_padding=&#8220;|40px||40px||&#8220; border_width_all=&#8220;1px&#8220; border_color_all=&#8220;rgba(0,0,0,0.12)&#8220; locked=&#8220;off&#8220;][et_pb_column type=&#8220;4_4&#8243; _builder_version=&#8220;3.25&#8243; custom_padding=&#8220;|||&#8220; custom_padding__hover=&#8220;|||&#8220;][et_pb_text _builder_version=&#8220;4.9.7&#8243; text_font=&#8220;|300|||||||&#8220; header_font=&#8220;||||||||&#8220; header_2_font=&#8220;Muli|800||on|||||&#8220; header_2_font_size=&#8220;12px&#8220; header_2_letter_spacing=&#8220;0.7em&#8220; transform_scale_tablet=&#8220;&#8220; transform_scale_phone=&#8220;&#8220; transform_scale_last_edited=&#8220;on|tablet&#8220; transform_translate=&#8220;-100px|100px&#8220; transform_translate_tablet=&#8220;0px|0px&#8220; transform_translate_phone=&#8220;&#8220; transform_translate_last_edited=&#8220;on|tablet&#8220; transform_translate_linked=&#8220;off&#8220; transform_rotate=&#8220;0deg|0deg|270deg&#8220; transform_rotate_tablet=&#8220;0deg|0deg|0deg&#8220; transform_rotate_phone=&#8220;&#8220; transform_rotate_last_edited=&#8220;on|desktop&#8220; transform_skew_tablet=&#8220;&#8220; transform_skew_phone=&#8220;&#8220; transform_skew_last_edited=&#8220;on|desktop&#8220; transform_origin=&#8220;0%|50%&#8220; transform_origin_tablet=&#8220;&#8220; transform_origin_phone=&#8220;&#8220; transform_origin_last_edited=&#8220;on|desktop&#8220; transform_styles_last_edited=&#8220;on|tablet&#8220; max_width=&#8220;280px&#8220; custom_margin=&#8220;||-60px&#8220; custom_margin_tablet=&#8220;||20px&#8220; custom_margin_phone=&#8220;&#8220; custom_margin_last_edited=&#8220;on|tablet&#8220; transform_styles_tablet=&#8220;&#8220; transform_styles_phone=&#8220;&#8220; locked=&#8220;off&#8220;]<\/p>\n<h2>26 jahre<\/h2>\n<p>[\/et_pb_text][et_pb_text _builder_version=&#8220;4.6.0&#8243; header_font=&#8220;||||||||&#8220; header_3_font=&#8220;Montserrat|600|||||||&#8220; header_3_font_size=&#8220;70px&#8220; header_3_line_height=&#8220;1.2em&#8220; background_color=&#8220;#ffffff&#8220; background_color_gradient_direction=&#8220;90deg&#8220; max_width=&#8220;700px&#8220; custom_margin=&#8220;||23px|-70px|false|false&#8220; custom_margin_tablet=&#8220;0px||&#8220; custom_margin_phone=&#8220;|||-56px&#8220; custom_margin_last_edited=&#8220;on|phone&#8220; header_3_font_size_tablet=&#8220;50px&#8220; header_3_font_size_phone=&#8220;30px&#8220; header_3_font_size_last_edited=&#8220;on|phone&#8220;]<\/p>\n<h3>104 Ausgaben,<\/h3>\n<p>&nbsp;<\/p>\n<p>[\/et_pb_text][et_pb_text _builder_version=&#8220;4.9.7&#8243; text_font=&#8220;|300|||||||&#8220; text_font_size=&#8220;17px&#8220; text_line_height=&#8220;1.8em&#8220; header_font=&#8220;||||||||&#8220; width_tablet=&#8220;100%&#8220; width_last_edited=&#8220;off|desktop&#8220; max_width=&#8220;650px&#8220; module_alignment=&#8220;left&#8220; text_font_size_tablet=&#8220;&#8220; text_font_size_phone=&#8220;15px&#8220; text_font_size_last_edited=&#8220;on|phone&#8220; text_line_height_tablet=&#8220;&#8220; text_line_height_phone=&#8220;1.7em&#8220; text_line_height_last_edited=&#8220;on|phone&#8220;]<\/p>\n<p><strong>das bedeutet 26 Jahre (1995-2020) ehrenamtliche Redaktionsarbeit,<\/strong>\u00a0umfangreiches Recherchieren, Zusammentragen und Aufarbeiten, aber auch 26 Jahre Freude am Gestalten des \u201eSteinfelders\u201c, ab 2011 zur G\u00e4nze in Farbe \u2013 ein weiterer Meilenstein!<\/p>\n<p>[\/et_pb_text][\/et_pb_column][\/et_pb_row][\/et_pb_section][et_pb_section fb_built=&#8220;1&#8243; custom_padding_last_edited=&#8220;on|phone&#8220; admin_label=&#8220;Get Started&#8220; _builder_version=&#8220;4.9.7&#8243; background_size=&#8220;initial&#8220; background_position=&#8220;top_center&#8220; custom_padding_tablet=&#8220;&#8220; custom_padding_phone=&#8220;1px||||false|false&#8220;][et_pb_row _builder_version=&#8220;3.25&#8243; background_size=&#8220;initial&#8220; background_position=&#8220;top_right&#8220; custom_margin=&#8220;||60px&#8220; custom_padding=&#8220;|40px||40px||&#8220; border_width_all=&#8220;1px&#8220; border_color_all=&#8220;rgba(0,0,0,0.12)&#8220; locked=&#8220;off&#8220;][et_pb_column type=&#8220;4_4&#8243; _builder_version=&#8220;3.25&#8243; custom_padding=&#8220;|||&#8220; custom_padding__hover=&#8220;|||&#8220;][et_pb_text _builder_version=&#8220;4.9.7&#8243; header_font=&#8220;||||||||&#8220; header_2_font=&#8220;Muli|800||on|||||&#8220; header_2_font_size=&#8220;12px&#8220; header_2_letter_spacing=&#8220;0.7em&#8220; transform_scale_tablet=&#8220;&#8220; transform_scale_phone=&#8220;&#8220; transform_scale_last_edited=&#8220;on|tablet&#8220; transform_translate=&#8220;-100px|100px&#8220; transform_translate_tablet=&#8220;0px|0px&#8220; transform_translate_phone=&#8220;&#8220; transform_translate_last_edited=&#8220;on|tablet&#8220; transform_translate_linked=&#8220;off&#8220; transform_rotate=&#8220;0deg|0deg|270deg&#8220; transform_rotate_tablet=&#8220;0deg|0deg|0deg&#8220; transform_rotate_phone=&#8220;&#8220; transform_rotate_last_edited=&#8220;on|desktop&#8220; transform_skew_tablet=&#8220;&#8220; transform_skew_phone=&#8220;&#8220; transform_skew_last_edited=&#8220;on|desktop&#8220; transform_origin=&#8220;0%|50%&#8220; transform_origin_tablet=&#8220;&#8220; transform_origin_phone=&#8220;&#8220; transform_origin_last_edited=&#8220;on|desktop&#8220; transform_styles_last_edited=&#8220;on|tablet&#8220; max_width=&#8220;280px&#8220; custom_margin=&#8220;||-60px&#8220; custom_margin_tablet=&#8220;||20px&#8220; custom_margin_phone=&#8220;&#8220; custom_margin_last_edited=&#8220;on|tablet&#8220; transform_styles_tablet=&#8220;&#8220; transform_styles_phone=&#8220;&#8220; locked=&#8220;off&#8220;]<\/p>\n<h2>wachgek\u00fcsst<\/h2>\n<p>[\/et_pb_text][et_pb_text _builder_version=&#8220;4.6.0&#8243; header_font=&#8220;||||||||&#8220; header_3_font=&#8220;Montserrat|600|||||||&#8220; header_3_font_size=&#8220;70px&#8220; header_3_line_height=&#8220;1.2em&#8220; background_color=&#8220;#ffffff&#8220; background_color_gradient_direction=&#8220;90deg&#8220; max_width=&#8220;700px&#8220; custom_margin=&#8220;||23px|-70px|false|false&#8220; custom_margin_tablet=&#8220;0px||&#8220; custom_margin_phone=&#8220;|||-56px&#8220; custom_margin_last_edited=&#8220;on|phone&#8220; header_3_font_size_tablet=&#8220;50px&#8220; header_3_font_size_phone=&#8220;30px&#8220; header_3_font_size_last_edited=&#8220;on|phone&#8220;]<\/p>\n<h3>Geschichte<\/h3>\n<p>&nbsp;<\/p>\n<p>[\/et_pb_text][et_pb_text _builder_version=&#8220;4.9.7&#8243; text_font=&#8220;|300|||||||&#8220; text_font_size=&#8220;17px&#8220; text_line_height=&#8220;1.8em&#8220; header_font=&#8220;||||||||&#8220; width_tablet=&#8220;100%&#8220; width_last_edited=&#8220;off|desktop&#8220; max_width=&#8220;650px&#8220; module_alignment=&#8220;left&#8220; text_font_size_tablet=&#8220;&#8220; text_font_size_phone=&#8220;15px&#8220; text_font_size_last_edited=&#8220;on|phone&#8220; text_line_height_tablet=&#8220;&#8220; text_line_height_phone=&#8220;1.7em&#8220; text_line_height_last_edited=&#8220;on|phone&#8220;]<\/p>\n<p><strong>Lesen Sie \u00fcber die Anf\u00e4nge des F\u00f6rdervereines und die Revitalisierung des Jordanhofes,<\/strong>\u00a0der von vision\u00e4ren Idealisten unter enormen pers\u00f6nlichem Arbeitseinsatz, in etlichen Etappen erfolgreich &#8222;wachgek\u00fcsst\u201c wurde und heute wieder als wunderbarer Ort der Begegnung, als namhaftes, bereicherndes Vereins- und Veranstaltungszentrum gen\u00fctzt werden kann!<\/p>\n<p>[\/et_pb_text][\/et_pb_column][\/et_pb_row][\/et_pb_section][et_pb_section fb_built=&#8220;1&#8243; custom_padding_last_edited=&#8220;on|phone&#8220; admin_label=&#8220;Get Started&#8220; _builder_version=&#8220;4.9.7&#8243; background_size=&#8220;initial&#8220; background_position=&#8220;top_center&#8220; custom_padding=&#8220;||146px|||&#8220; custom_padding_tablet=&#8220;&#8220; custom_padding_phone=&#8220;1px||||false|false&#8220;][et_pb_row _builder_version=&#8220;3.25&#8243; background_size=&#8220;initial&#8220; background_position=&#8220;top_right&#8220; custom_margin=&#8220;||60px&#8220; custom_padding=&#8220;|40px||40px||&#8220; border_width_all=&#8220;1px&#8220; border_color_all=&#8220;rgba(0,0,0,0.12)&#8220; locked=&#8220;off&#8220;][et_pb_column type=&#8220;4_4&#8243; _builder_version=&#8220;3.25&#8243; custom_padding=&#8220;|||&#8220; custom_padding__hover=&#8220;|||&#8220;][et_pb_text _builder_version=&#8220;4.9.7&#8243; header_font=&#8220;||||||||&#8220; header_2_font=&#8220;Muli|800||on|||||&#8220; header_2_font_size=&#8220;12px&#8220; header_2_letter_spacing=&#8220;0.7em&#8220; transform_scale_tablet=&#8220;&#8220; transform_scale_phone=&#8220;&#8220; transform_scale_last_edited=&#8220;on|tablet&#8220; transform_translate=&#8220;-100px|100px&#8220; transform_translate_tablet=&#8220;0px|0px&#8220; transform_translate_phone=&#8220;&#8220; transform_translate_last_edited=&#8220;on|tablet&#8220; transform_translate_linked=&#8220;off&#8220; transform_rotate=&#8220;0deg|0deg|270deg&#8220; transform_rotate_tablet=&#8220;0deg|0deg|0deg&#8220; transform_rotate_phone=&#8220;&#8220; transform_rotate_last_edited=&#8220;on|desktop&#8220; transform_skew_tablet=&#8220;&#8220; transform_skew_phone=&#8220;&#8220; transform_skew_last_edited=&#8220;on|desktop&#8220; transform_origin=&#8220;0%|50%&#8220; transform_origin_tablet=&#8220;&#8220; transform_origin_phone=&#8220;&#8220; transform_origin_last_edited=&#8220;on|desktop&#8220; transform_styles_last_edited=&#8220;on|tablet&#8220; max_width=&#8220;280px&#8220; custom_margin=&#8220;||-60px&#8220; custom_margin_tablet=&#8220;||20px&#8220; custom_margin_phone=&#8220;&#8220; custom_margin_last_edited=&#8220;on|tablet&#8220; transform_styles_tablet=&#8220;&#8220; transform_styles_phone=&#8220;&#8220; locked=&#8220;off&#8220;]<\/p>\n<h2>vielen dank<\/h2>\n<p>[\/et_pb_text][et_pb_text _builder_version=&#8220;4.6.0&#8243; header_font=&#8220;||||||||&#8220; header_3_font=&#8220;Montserrat|600|||||||&#8220; header_3_font_size=&#8220;70px&#8220; header_3_line_height=&#8220;1.2em&#8220; background_color=&#8220;#ffffff&#8220; background_color_gradient_direction=&#8220;90deg&#8220; max_width=&#8220;700px&#8220; custom_margin=&#8220;||23px|-70px|false|false&#8220; custom_margin_tablet=&#8220;0px||&#8220; custom_margin_phone=&#8220;|||-56px&#8220; custom_margin_last_edited=&#8220;on|phone&#8220; header_3_font_size_tablet=&#8220;50px&#8220; header_3_font_size_phone=&#8220;30px&#8220; header_3_font_size_last_edited=&#8220;on|phone&#8220;]<\/p>\n<h3>Bestellung<\/h3>\n<p>&nbsp;<\/p>\n<p>[\/et_pb_text][et_pb_text _builder_version=&#8220;4.9.7&#8243; text_font=&#8220;|300|||||||&#8220; text_font_size=&#8220;17px&#8220; text_line_height=&#8220;1.8em&#8220; header_font=&#8220;||||||||&#8220; width_tablet=&#8220;100%&#8220; width_last_edited=&#8220;off|desktop&#8220; max_width=&#8220;650px&#8220; module_alignment=&#8220;left&#8220; text_font_size_tablet=&#8220;&#8220; text_font_size_phone=&#8220;15px&#8220; text_font_size_last_edited=&#8220;on|phone&#8220; text_line_height_tablet=&#8220;&#8220; text_line_height_phone=&#8220;1.7em&#8220; text_line_height_last_edited=&#8220;on|phone&#8220;]<\/p>\n<p><strong>Mit dem Kauf der \u201eSteinfelder\u201c \u2013 Gesamtausgabe zum Preis von 60\u20ac unterst\u00fctzen Sie weitere wichtige Erhaltungsma\u00dfnahmen<\/strong>\u00a0im und am Jordanhof und unsere vielf\u00e4ltigen Vereinst\u00e4tigkeiten. Als Dankesch\u00f6n wird Ihr Name in Form einer F\u00f6rderplakette auf unserem Spenden-Steigbaum verewigt!<\/p>\n<p>Haben Sie L\u00fccken in Ihrer Sammlung, so k\u00f6nnen Sie\u00a0<strong>einzelne Ausgaben f\u00fcr 2\u20ac pro Exemplar<\/strong>\u00a0bei uns anfordern. Wir w\u00fcrden uns nat\u00fcrlich auch \u00fcber neue Abonnenten sehr freuen, vier Jahresausgaben sind f\u00fcr 18\u20ac erh\u00e4ltlich.<\/p>\n<p>&nbsp;<\/p>\n<h1><strong>Bestellungen unter:<\/strong><strong><\/strong><\/h1>\n<p><strong>F\u00f6rderverein Sch\u00f6nfeld<\/strong><br \/>Dolomitenstrasse 11<br \/>9754 Steinfeld<br \/>Email: <a href=\"mailto:fvs.office@aon.at\">fvs.office@aon.at<\/a><\/p>\n<p><strong>Hildegard Guggenberger<\/strong><br \/>Mobil: 0664 7316 2338<br \/>Email: <a href=\"h.guggenberger@gmx.at\">h.guggenberger@gmx.at<\/a><\/p>\n<p><strong>Viel Freude beim nostalgischem \u201eLesespaziergang\u201c,<\/strong><br \/>Obfrau Hildegard Guggenberger und das Redaktionsteam des F\u00f6rdervereines, sowie alle F\u00f6rdervereinsmitglieder!<\/p>\n<p>[\/et_pb_text][\/et_pb_column][\/et_pb_row][\/et_pb_section]<\/p>\n","protected":false},"excerpt":{"rendered":"<p>Pr\u00e4sentGeschenkbox Der Steinfelder in \u00fcber 100 Ausgaben &nbsp;KomplettZeitdokument &nbsp;Die komplette \u201eSteinfelder\u201c-Edition als wunderbares Zeitdokument! Lesen Sie Interessantes \u00fcber Geschichte, Kultur, Brauchtum und Feste, \u00fcber Vereinst\u00e4tigkeiten, Haus- und Lebensgeschichten und vieles, vieles mehr. Entdecken Sie liebe Verwandte, Bekannte und Freunde! Begeben Sie sich auf eine Reise in die Vergangenheit, durch mittlerweile 104 Ausgaben!26 jahre104 Ausgaben, &nbsp;das [&hellip;]<\/p>\n","protected":false},"author":1,"featured_media":0,"parent":492,"menu_order":0,"comment_status":"closed","ping_status":"closed","template":"","meta":{"_et_pb_use_builder":"on","_et_pb_old_content":"","_et_gb_content_width":""},"_links":{"self":[{"href":"https:\/\/jordanhof.at\/index.php\/wp-json\/wp\/v2\/pages\/485"}],"collection":[{"href":"https:\/\/jordanhof.at\/index.php\/wp-json\/wp\/v2\/pages"}],"about":[{"href":"https:\/\/jordanhof.at\/index.php\/wp-json\/wp\/v2\/types\/page"}],"author":[{"embeddable":true,"href":"https:\/\/jordanhof.at\/index.php\/wp-json\/wp\/v2\/users\/1"}],"replies":[{"embeddable":true,"href":"https:\/\/jordanhof.at\/index.php\/wp-json\/wp\/v2\/comments?post=485"}],"version-history":[{"count":26,"href":"https:\/\/jordanhof.at\/index.php\/wp-json\/wp\/v2\/pages\/485\/revisions"}],"predecessor-version":[{"id":1206,"href":"https:\/\/jordanhof.at\/index.php\/wp-json\/wp\/v2\/pages\/485\/revisions\/1206"}],"up":[{"embeddable":true,"href":"https:\/\/jordanhof.at\/index.php\/wp-json\/wp\/v2\/pages\/492"}],"wp:attachment":[{"href":"https:\/\/jordanhof.at\/index.php\/wp-json\/wp\/v2\/media?parent=485"}],"curies":[{"name":"wp","href":"https:\/\/api.w.org\/{rel}","templated":true}]}}