{"id":2,"date":"2019-05-14T13:57:31","date_gmt":"2019-05-14T13:57:31","guid":{"rendered":"https:\/\/jordanhof.at\/backend_anmelden\/?page_id=2"},"modified":"2021-08-17T09:35:46","modified_gmt":"2021-08-17T09:35:46","slug":"sample-page","status":"publish","type":"page","link":"https:\/\/jordanhof.at\/","title":{"rendered":"Home"},"content":{"rendered":"<p>[et_pb_section fb_built=&#8220;1&#8243; custom_padding_last_edited=&#8220;on|phone&#8220; admin_label=&#8220;Header&#8220; _builder_version=&#8220;4.9.10&#8243; _module_preset=&#8220;default&#8220; background_image=&#8220;https:\/\/jordanhof.at\/backend_anmelden\/wp-content\/uploads\/2021\/08\/Jordanhofpasst-1000&#215;671.jpg&#8220; min_height=&#8220;1000px&#8220; min_height_tablet=&#8220;&#8220; min_height_phone=&#8220;&#8220; min_height_last_edited=&#8220;on|phone&#8220; max_height_tablet=&#8220;&#8220; max_height_phone=&#8220;200px&#8220; max_height_last_edited=&#8220;on|phone&#8220; custom_margin_tablet=&#8220;&#8220; custom_margin_phone=&#8220;||||false|false&#8220; custom_margin_last_edited=&#8220;on|phone&#8220; custom_padding_tablet=&#8220;&#8220; custom_padding_phone=&#8220;||0px||false|false&#8220; hover_enabled=&#8220;0&#8243; title_text=&#8220;Jordanhofpasst&#8220; sticky_enabled=&#8220;0&#8243;][et_pb_row column_structure=&#8220;2_5,3_5&#8243; _builder_version=&#8220;4.9.7&#8243; _module_preset=&#8220;default&#8220; width=&#8220;100%&#8220; max_width=&#8220;2560px&#8220; custom_padding=&#8220;|||0px||&#8220;][et_pb_column type=&#8220;2_5&#8243; _builder_version=&#8220;4.9.7&#8243; _module_preset=&#8220;default&#8220;][et_pb_image src=&#8220;https:\/\/jordanhof.at\/backend_anmelden\/wp-content\/uploads\/2020\/11\/Logo-Foerderverein-Schoenfeld.png&#8220; title_text=&#8220;Logo F\u00f6rderverein Sch\u00f6nfeld&#8220; disabled_on=&#8220;on|off|off&#8220; _builder_version=&#8220;4.9.7&#8243; _module_preset=&#8220;default&#8220; background_color=&#8220;RGBA(0,0,0,0)&#8220; width=&#8220;71.8%&#8220; height_tablet=&#8220;&#8220; height_phone=&#8220;&#8220; height_last_edited=&#8220;on|desktop&#8220; max_height_tablet=&#8220;157px&#8220; max_height_phone=&#8220;&#8220; max_height_last_edited=&#8220;on|tablet&#8220; custom_margin_tablet=&#8220;-54px||||false|false&#8220; custom_margin_phone=&#8220;&#8220; custom_margin_last_edited=&#8220;on|tablet&#8220; custom_padding=&#8220;|||66px||&#8220; custom_padding_tablet=&#8220;0px|||29px|false|false&#8220; custom_padding_phone=&#8220;&#8220; custom_padding_last_edited=&#8220;on|tablet&#8220; animation_style=&#8220;slide&#8220;][\/et_pb_image][\/et_pb_column][et_pb_column type=&#8220;3_5&#8243; _builder_version=&#8220;4.9.7&#8243; _module_preset=&#8220;default&#8220;][\/et_pb_column][\/et_pb_row][et_pb_row _builder_version=&#8220;4.9.7&#8243; _module_preset=&#8220;default&#8220; width=&#8220;100%&#8220; max_width=&#8220;2560px&#8220;][et_pb_column type=&#8220;4_4&#8243; _builder_version=&#8220;4.9.7&#8243; _module_preset=&#8220;default&#8220;][\/et_pb_column][\/et_pb_row][\/et_pb_section][et_pb_section fb_built=&#8220;1&#8243; custom_padding_last_edited=&#8220;on|tablet&#8220; admin_label=&#8220;Willkommen&#8220; _builder_version=&#8220;4.9.7&#8243; background_enable_image=&#8220;off&#8220; background_size=&#8220;initial&#8220; background_position=&#8220;top_center&#8220; min_height=&#8220;444px&#8220; custom_margin=&#8220;||-3px|||&#8220; custom_margin_tablet=&#8220;||-150px||false|false&#8220; custom_margin_phone=&#8220;||-111px||false|false&#8220; custom_margin_last_edited=&#8220;on|phone&#8220; custom_padding=&#8220;0px||92px|||&#8220; custom_padding_tablet=&#8220;0px||131px||false|false&#8220; custom_padding_phone=&#8220;||20px||false|false&#8220;][et_pb_row custom_padding_last_edited=&#8220;on|tablet&#8220; _builder_version=&#8220;4.9.7&#8243; _module_preset=&#8220;default&#8220; custom_margin=&#8220;9px||||false|false&#8220; custom_margin_tablet=&#8220;9px||||false|false&#8220; custom_margin_phone=&#8220;||||false|false&#8220; custom_margin_last_edited=&#8220;on|tablet&#8220; custom_padding=&#8220;106px||||false|false&#8220; custom_padding_tablet=&#8220;64px||||false|false&#8220; custom_padding_phone=&#8220;64px||||false|false&#8220;][et_pb_column type=&#8220;4_4&#8243; _builder_version=&#8220;4.6.0&#8243; _module_preset=&#8220;default&#8220;][et_pb_text _builder_version=&#8220;4.9.7&#8243; header_font=&#8220;||||||||&#8220; header_3_font=&#8220;Montserrat|600|||||||&#8220; header_3_font_size=&#8220;70px&#8220; header_3_line_height=&#8220;1.2em&#8220; background_color=&#8220;#ffffff&#8220; background_color_gradient_direction=&#8220;90deg&#8220; text_orientation=&#8220;center&#8220; max_width=&#8220;100%&#8220; module_alignment=&#8220;center&#8220; custom_margin=&#8220;||||false|false&#8220; custom_margin_tablet=&#8220;0px||&#8220; custom_margin_phone=&#8220;|||-56px&#8220; custom_margin_last_edited=&#8220;on|phone&#8220; animation_style=&#8220;slide&#8220; header_3_font_size_tablet=&#8220;50px&#8220; header_3_font_size_phone=&#8220;30px&#8220; header_3_font_size_last_edited=&#8220;on|phone&#8220;]<\/p>\n<h3 style=\"text-align: center;\">Herzlich Willkommen,<\/h3>\n<p>&nbsp;<\/p>\n<p>[\/et_pb_text][et_pb_text _builder_version=&#8220;4.9.10&#8243; _module_preset=&#8220;default&#8220; text_font=&#8220;|300|||||||&#8220; text_font_size=&#8220;17px&#8220; header_2_font=&#8220;|||||on|||&#8220; header_2_text_align=&#8220;center&#8220; header_2_text_color=&#8220;#d2ad6d&#8220; header_2_font_size=&#8220;43px&#8220; text_orientation=&#8220;center&#8220; custom_margin=&#8220;-39px|||||&#8220; custom_padding_tablet=&#8220;&#8220; custom_padding_phone=&#8220;||43px||false|false&#8220; custom_padding_last_edited=&#8220;on|phone&#8220; text_font_size_tablet=&#8220;&#8220; text_font_size_phone=&#8220;15px&#8220; text_font_size_last_edited=&#8220;on|phone&#8220;]<\/p>\n<h1>auf der Webseite des F\u00f6rdervereines Sch\u00f6nfeld!<\/h1>\n<p>&nbsp;<\/p>\n<p>Seit 1994 wird der Jordanhof vom F\u00f6rderverein Sch\u00f6nfeld verwaltet. Hier finden Sie alle Informationen rund um die R\u00e4umlichkeiten des Jordanhof, Veranstaltungen, Mietpreise, Chronik und Vereinsorganisation.<\/p>\n<p>[\/et_pb_text][\/et_pb_column][\/et_pb_row][\/et_pb_section][et_pb_section fb_built=&#8220;1&#8243; admin_label=&#8220;Get Started&#8220; _builder_version=&#8220;4.9.7&#8243; background_size=&#8220;initial&#8220; background_position=&#8220;top_center&#8220; custom_margin_tablet=&#8220;&#8220; custom_margin_phone=&#8220;38px||||false|false&#8220; custom_margin_last_edited=&#8220;on|phone&#8220;][et_pb_row _builder_version=&#8220;4.9.7&#8243; background_size=&#8220;initial&#8220; background_position=&#8220;top_right&#8220; custom_margin=&#8220;|auto|59px|auto||&#8220; custom_padding=&#8220;|40px||40px||&#8220; border_width_all=&#8220;1px&#8220; border_color_all=&#8220;rgba(0,0,0,0.12)&#8220; locked=&#8220;off&#8220;][et_pb_column type=&#8220;4_4&#8243; _builder_version=&#8220;3.25&#8243; custom_padding=&#8220;|||&#8220; custom_padding__hover=&#8220;|||&#8220;][et_pb_text _builder_version=&#8220;4.9.7&#8243; header_font=&#8220;||||||||&#8220; header_2_font=&#8220;Muli|800||on|||||&#8220; header_2_font_size=&#8220;12px&#8220; header_2_letter_spacing=&#8220;0.7em&#8220; transform_scale_tablet=&#8220;&#8220; transform_scale_phone=&#8220;&#8220; transform_scale_last_edited=&#8220;on|tablet&#8220; transform_translate=&#8220;-100px|100px&#8220; transform_translate_tablet=&#8220;0px|0px&#8220; transform_translate_phone=&#8220;&#8220; transform_translate_last_edited=&#8220;on|tablet&#8220; transform_translate_linked=&#8220;off&#8220; transform_rotate=&#8220;0deg|0deg|270deg&#8220; transform_rotate_tablet=&#8220;0deg|0deg|0deg&#8220; transform_rotate_phone=&#8220;&#8220; transform_rotate_last_edited=&#8220;on|desktop&#8220; transform_skew_tablet=&#8220;&#8220; transform_skew_phone=&#8220;&#8220; transform_skew_last_edited=&#8220;on|desktop&#8220; transform_origin=&#8220;0%|50%&#8220; transform_origin_tablet=&#8220;&#8220; transform_origin_phone=&#8220;&#8220; transform_origin_last_edited=&#8220;on|desktop&#8220; transform_styles_last_edited=&#8220;on|tablet&#8220; max_width=&#8220;280px&#8220; custom_margin=&#8220;||-60px&#8220; custom_margin_tablet=&#8220;||20px&#8220; custom_margin_phone=&#8220;&#8220; custom_margin_last_edited=&#8220;on|tablet&#8220; transform_styles_tablet=&#8220;&#8220; transform_styles_phone=&#8220;&#8220; locked=&#8220;off&#8220;]<\/p>\n<h2>Mieten<\/h2>\n<p>[\/et_pb_text][et_pb_text _builder_version=&#8220;4.9.7&#8243; header_font=&#8220;||||||||&#8220; header_3_font=&#8220;Montserrat|600|||||||&#8220; header_3_font_size=&#8220;70px&#8220; header_3_line_height=&#8220;1.2em&#8220; background_color=&#8220;#ffffff&#8220; background_color_gradient_direction=&#8220;90deg&#8220; max_width=&#8220;700px&#8220; custom_margin=&#8220;||23px|-70px|false|false&#8220; custom_margin_tablet=&#8220;0px||&#8220; custom_margin_phone=&#8220;|||-56px&#8220; custom_margin_last_edited=&#8220;on|phone&#8220; header_3_font_size_tablet=&#8220;50px&#8220; header_3_font_size_phone=&#8220;30px&#8220; header_3_font_size_last_edited=&#8220;on|phone&#8220;]<\/p>\n<h3>R\u00e4umlichkeiten &amp; Mietpreise<\/h3>\n<p>&nbsp;<\/p>\n<p>[\/et_pb_text][et_pb_text _builder_version=&#8220;4.9.10&#8243; text_font=&#8220;|300|||||||&#8220; text_font_size=&#8220;17px&#8220; text_line_height=&#8220;1.8em&#8220; header_font=&#8220;||||||||&#8220; width_tablet=&#8220;100%&#8220; width_last_edited=&#8220;off|desktop&#8220; max_width=&#8220;650px&#8220; module_alignment=&#8220;left&#8220; text_font_size_tablet=&#8220;&#8220; text_font_size_phone=&#8220;15px&#8220; text_font_size_last_edited=&#8220;on|desktop&#8220; text_line_height_tablet=&#8220;&#8220; text_line_height_phone=&#8220;1.7em&#8220; text_line_height_last_edited=&#8220;on|phone&#8220;]<\/p>\n<p>Ob f\u00fcr die Geburtstagsparty, die Jubil\u00e4umsfeier oder auch f\u00fcr die standesamtliche Hochzeit: der Jordanhof bietet mit seinem baulichen Charme und dem gepflegten Garten das ideale Ambiente f\u00fcr jeden Anlass.<\/p>\n<p>[\/et_pb_text][et_pb_button button_url=&#8220;https:\/\/jordanhof.at\/index.php\/jordanhof\/raeumlichkeiten\/&#8220; button_text=&#8220;mehr Infos&#8220; button_alignment=&#8220;right&#8220; _builder_version=&#8220;4.9.10&#8243; custom_button=&#8220;on&#8220; button_text_size=&#8220;12px&#8220; button_text_color=&#8220;#ffffff&#8220; button_bg_color=&#8220;#000000&#8243; button_border_width=&#8220;0px&#8220; button_border_radius=&#8220;0px&#8220; button_letter_spacing=&#8220;4px&#8220; button_font=&#8220;Muli|600||on|||||&#8220; custom_margin=&#8220;||-60px|&#8220; custom_padding=&#8220;20px|30px|20px|30px|true|true&#8220; animation_style=&#8220;zoom&#8220;][\/et_pb_button][\/et_pb_column][\/et_pb_row][\/et_pb_section][et_pb_section fb_built=&#8220;1&#8243; custom_padding_last_edited=&#8220;on|desktop&#8220; admin_label=&#8220;Get Started&#8220; _builder_version=&#8220;4.9.7&#8243; background_size=&#8220;initial&#8220; background_position=&#8220;top_center&#8220; custom_margin=&#8220;||||false|false&#8220; custom_margin_tablet=&#8220;&#8220; custom_margin_phone=&#8220;0px||||false|false&#8220; custom_margin_last_edited=&#8220;on|phone&#8220; custom_padding=&#8220;||125px||false|false&#8220; custom_padding_tablet=&#8220;&#8220; custom_padding_phone=&#8220;||72px||false|false&#8220;][et_pb_row column_structure=&#8220;1_2,1_2&#8243; custom_padding_last_edited=&#8220;on|desktop&#8220; _builder_version=&#8220;4.9.7&#8243; background_size=&#8220;initial&#8220; background_position=&#8220;top_right&#8220; min_height_tablet=&#8220;&#8220; min_height_phone=&#8220;&#8220; min_height_last_edited=&#8220;on|desktop&#8220; custom_margin=&#8220;|auto||auto|false|false&#8220; custom_margin_tablet=&#8220;&#8220; custom_margin_phone=&#8220;&#8220; custom_margin_last_edited=&#8220;on|desktop&#8220; custom_padding=&#8220;|40px||40px|false|false&#8220; custom_padding_tablet=&#8220;&#8220; custom_padding_phone=&#8220;&#8220; border_width_all=&#8220;1px&#8220; border_color_all=&#8220;rgba(0,0,0,0.12)&#8220; locked=&#8220;off&#8220;][et_pb_column type=&#8220;1_2&#8243; _builder_version=&#8220;3.25&#8243; custom_padding=&#8220;|||&#8220; custom_padding__hover=&#8220;|||&#8220;][et_pb_text _builder_version=&#8220;4.9.7&#8243; header_font=&#8220;||||||||&#8220; header_2_font=&#8220;Muli|800||on|||||&#8220; header_2_font_size=&#8220;12px&#8220; header_2_letter_spacing=&#8220;0.7em&#8220; transform_scale_tablet=&#8220;&#8220; transform_scale_phone=&#8220;&#8220; transform_scale_last_edited=&#8220;on|tablet&#8220; transform_translate=&#8220;-100px|100px&#8220; transform_translate_tablet=&#8220;0px|0px&#8220; transform_translate_phone=&#8220;&#8220; transform_translate_last_edited=&#8220;on|tablet&#8220; transform_translate_linked=&#8220;off&#8220; transform_rotate=&#8220;0deg|0deg|270deg&#8220; transform_rotate_tablet=&#8220;0deg|0deg|0deg&#8220; transform_rotate_phone=&#8220;&#8220; transform_rotate_last_edited=&#8220;on|desktop&#8220; transform_skew_tablet=&#8220;&#8220; transform_skew_phone=&#8220;&#8220; transform_skew_last_edited=&#8220;on|desktop&#8220; transform_origin=&#8220;0%|50%&#8220; transform_origin_tablet=&#8220;&#8220; transform_origin_phone=&#8220;&#8220; transform_origin_last_edited=&#8220;on|desktop&#8220; transform_styles_last_edited=&#8220;on|tablet&#8220; max_width=&#8220;280px&#8220; custom_margin=&#8220;||-60px&#8220; custom_margin_tablet=&#8220;||20px&#8220; custom_margin_phone=&#8220;&#8220; custom_margin_last_edited=&#8220;on|tablet&#8220; transform_styles_tablet=&#8220;&#8220; transform_styles_phone=&#8220;&#8220; locked=&#8220;off&#8220;]<\/p>\n<h2>Vernissage<\/h2>\n<p>[\/et_pb_text][et_pb_text _builder_version=&#8220;4.9.7&#8243; header_font=&#8220;||||||||&#8220; header_3_font=&#8220;Montserrat|600|||||||&#8220; header_3_font_size=&#8220;70px&#8220; header_3_line_height=&#8220;1.2em&#8220; background_color=&#8220;#ffffff&#8220; background_color_gradient_direction=&#8220;90deg&#8220; max_width=&#8220;700px&#8220; custom_margin=&#8220;||23px|-70px|false|false&#8220; custom_margin_tablet=&#8220;0px||&#8220; custom_margin_phone=&#8220;|||-56px&#8220; custom_margin_last_edited=&#8220;on|phone&#8220; header_3_font_size_tablet=&#8220;50px&#8220; header_3_font_size_phone=&#8220;30px&#8220; header_3_font_size_last_edited=&#8220;on|phone&#8220;]<\/p>\n<h3>Events &amp; Ausstellungen<\/h3>\n<p>&nbsp;<\/p>\n<p>[\/et_pb_text][et_pb_text _builder_version=&#8220;4.9.10&#8243; text_font=&#8220;|300|||||||&#8220; text_font_size=&#8220;17px&#8220; text_line_height=&#8220;1.8em&#8220; header_font=&#8220;||||||||&#8220; width_tablet=&#8220;100%&#8220; width_last_edited=&#8220;off|desktop&#8220; max_width=&#8220;650px&#8220; module_alignment=&#8220;left&#8220; text_font_size_tablet=&#8220;&#8220; text_font_size_phone=&#8220;15px&#8220; text_font_size_last_edited=&#8220;on|desktop&#8220; text_line_height_tablet=&#8220;&#8220; text_line_height_phone=&#8220;1.7em&#8220; text_line_height_last_edited=&#8220;on|phone&#8220;]<\/p>\n<p>Immer wieder finden im Jordanhof Ausstellungen und Vernissagen zu bestimmten Themen statt. Namhafte K\u00fcnstler aus der Region aber auch aus dem Umfeld konnten ihre Kunstwerke hier bereits ausstellen. Alle zwei Jahre findet das Jordanhoffest statt, ein Fest, welches alle im Jordanhof beheimateten Vereine gemeinsam f\u00fcr die Bev\u00f6lkerung organisieren. Lesen Sie mehr \u00fcber unsere Aktivit\u00e4ten:<\/p>\n<p>[\/et_pb_text][et_pb_button button_url=&#8220;https:\/\/jordanhof.at\/index.php\/veranstaltungen\/&#8220; button_text=&#8220;mehr Infos&#8220; button_alignment=&#8220;right&#8220; button_alignment_tablet=&#8220;center&#8220; button_alignment_phone=&#8220;&#8220; button_alignment_last_edited=&#8220;on|tablet&#8220; _builder_version=&#8220;4.9.10&#8243; custom_button=&#8220;on&#8220; button_text_size=&#8220;12px&#8220; button_text_color=&#8220;#ffffff&#8220; button_bg_color=&#8220;#000000&#8243; button_border_width=&#8220;0px&#8220; button_border_radius=&#8220;0px&#8220; button_letter_spacing=&#8220;4px&#8220; button_font=&#8220;Muli|600||on|||||&#8220; custom_margin=&#8220;||-60px|&#8220; custom_margin_tablet=&#8220;||||false|false&#8220; custom_margin_phone=&#8220;&#8220; custom_margin_last_edited=&#8220;on|tablet&#8220; custom_padding=&#8220;20px|30px|20px|30px|true|true&#8220; animation_style=&#8220;zoom&#8220;][\/et_pb_button][\/et_pb_column][et_pb_column type=&#8220;1_2&#8243; _builder_version=&#8220;3.25&#8243; custom_padding=&#8220;|||&#8220; custom_padding__hover=&#8220;|||&#8220;][et_pb_image src=&#8220;https:\/\/jordanhof.at\/backend_anmelden\/wp-content\/uploads\/2019\/10\/hystorief0483e5cea_445.jpg&#8220; title_text=&#8220;hystorief0483e5cea_445&#8243; align_tablet=&#8220;center&#8220; align_phone=&#8220;&#8220; align_last_edited=&#8220;on|tablet&#8220; _builder_version=&#8220;4.9.7&#8243; _module_preset=&#8220;default&#8220; custom_padding_tablet=&#8220;76px||||false|false&#8220; custom_padding_phone=&#8220;&#8220; custom_padding_last_edited=&#8220;on|tablet&#8220;][\/et_pb_image][\/et_pb_column][\/et_pb_row][\/et_pb_section][et_pb_section fb_built=&#8220;1&#8243; custom_padding_last_edited=&#8220;on|phone&#8220; admin_label=&#8220;Get Started&#8220; _builder_version=&#8220;4.9.7&#8243; background_size=&#8220;initial&#8220; background_position=&#8220;top_center&#8220; custom_margin_tablet=&#8220;&#8220; custom_margin_phone=&#8220;||||false|false&#8220; custom_margin_last_edited=&#8220;on|phone&#8220; custom_padding=&#8220;||202px|||&#8220; custom_padding_tablet=&#8220;&#8220; custom_padding_phone=&#8220;||202px||false|false&#8220;][et_pb_row _builder_version=&#8220;4.9.7&#8243; background_size=&#8220;initial&#8220; background_position=&#8220;top_right&#8220; custom_margin=&#8220;|auto|-9px|auto||&#8220; custom_padding=&#8220;|40px||40px||&#8220; border_width_all=&#8220;1px&#8220; border_color_all=&#8220;rgba(0,0,0,0.12)&#8220; locked=&#8220;off&#8220;][et_pb_column type=&#8220;4_4&#8243; _builder_version=&#8220;3.25&#8243; custom_padding=&#8220;|||&#8220; custom_padding__hover=&#8220;|||&#8220;][et_pb_text _builder_version=&#8220;4.9.7&#8243; header_font=&#8220;||||||||&#8220; header_2_font=&#8220;Muli|800||on|||||&#8220; header_2_font_size=&#8220;12px&#8220; header_2_letter_spacing=&#8220;0.7em&#8220; transform_scale_tablet=&#8220;&#8220; transform_scale_phone=&#8220;&#8220; transform_scale_last_edited=&#8220;on|tablet&#8220; transform_translate=&#8220;-100px|100px&#8220; transform_translate_tablet=&#8220;0px|0px&#8220; transform_translate_phone=&#8220;&#8220; transform_translate_last_edited=&#8220;on|tablet&#8220; transform_translate_linked=&#8220;off&#8220; transform_rotate=&#8220;0deg|0deg|270deg&#8220; transform_rotate_tablet=&#8220;0deg|0deg|0deg&#8220; transform_rotate_phone=&#8220;&#8220; transform_rotate_last_edited=&#8220;on|desktop&#8220; transform_skew_tablet=&#8220;&#8220; transform_skew_phone=&#8220;&#8220; transform_skew_last_edited=&#8220;on|desktop&#8220; transform_origin=&#8220;0%|50%&#8220; transform_origin_tablet=&#8220;&#8220; transform_origin_phone=&#8220;&#8220; transform_origin_last_edited=&#8220;on|desktop&#8220; transform_styles_last_edited=&#8220;on|tablet&#8220; max_width=&#8220;280px&#8220; custom_margin=&#8220;||-60px&#8220; custom_margin_tablet=&#8220;||20px&#8220; custom_margin_phone=&#8220;&#8220; custom_margin_last_edited=&#8220;on|tablet&#8220; transform_styles_tablet=&#8220;&#8220; transform_styles_phone=&#8220;&#8220; locked=&#8220;off&#8220;]<\/p>\n<h2>Magazin<\/h2>\n<p>[\/et_pb_text][et_pb_text _builder_version=&#8220;4.6.0&#8243; header_font=&#8220;||||||||&#8220; header_3_font=&#8220;Montserrat|600|||||||&#8220; header_3_font_size=&#8220;70px&#8220; header_3_line_height=&#8220;1.2em&#8220; background_color=&#8220;#ffffff&#8220; background_color_gradient_direction=&#8220;90deg&#8220; max_width=&#8220;700px&#8220; custom_margin=&#8220;||23px|-70px|false|false&#8220; custom_margin_tablet=&#8220;0px||&#8220; custom_margin_phone=&#8220;|||-56px&#8220; custom_margin_last_edited=&#8220;on|phone&#8220; header_3_font_size_tablet=&#8220;50px&#8220; header_3_font_size_phone=&#8220;30px&#8220; header_3_font_size_last_edited=&#8220;on|phone&#8220;]<\/p>\n<h3>Der Steinfelder<\/h3>\n<p>&nbsp;<\/p>\n<p>[\/et_pb_text][et_pb_text _builder_version=&#8220;4.9.10&#8243; text_font=&#8220;|300|||||||&#8220; text_font_size=&#8220;17px&#8220; text_line_height=&#8220;1.8em&#8220; header_font=&#8220;||||||||&#8220; width_tablet=&#8220;100%&#8220; width_last_edited=&#8220;off|desktop&#8220; max_width=&#8220;650px&#8220; module_alignment=&#8220;left&#8220; text_font_size_tablet=&#8220;&#8220; text_font_size_phone=&#8220;15px&#8220; text_font_size_last_edited=&#8220;on|desktop&#8220; text_line_height_tablet=&#8220;&#8220; text_line_height_phone=&#8220;1.7em&#8220; text_line_height_last_edited=&#8220;on|phone&#8220;]<\/p>\n<div>\n<p><span>Gegen eine geringe Geb\u00fchr von j\u00e4hrlich 18 Euro, \u00fcbersenden wir Ihnen die Zeitschrift &#8222;Der Steinfelder&#8220; 4 mal im Jahr per Post nach Hause, egal wo Sie auf der Welt wohnen.\u00a0Bereits zum 100. Mal erschien &#8222;Der Steinfelder&#8220; im Dezember 2019. Die erste Ausgabe wurde im April 1995 pr\u00e4sentiert und hat sich seitdem zu einem Informationsmedium entwickelt, das aus Steinfeld nicht mehr wegzudenken ist.<o:p><\/o:p><\/span><\/p>\n<\/div>\n<p>[\/et_pb_text][et_pb_button button_url=&#8220;https:\/\/jordanhof.at\/backend_anmelden\/?page_id=48&#8243; button_text=&#8220;mehr Infos&#8220; button_alignment=&#8220;right&#8220; button_alignment_tablet=&#8220;&#8220; button_alignment_phone=&#8220;center&#8220; button_alignment_last_edited=&#8220;on|phone&#8220; _builder_version=&#8220;4.9.7&#8243; custom_button=&#8220;on&#8220; button_text_size=&#8220;12px&#8220; button_text_color=&#8220;#ffffff&#8220; button_bg_color=&#8220;#000000&#8243; button_border_width=&#8220;0px&#8220; button_border_radius=&#8220;0px&#8220; button_letter_spacing=&#8220;4px&#8220; button_font=&#8220;Muli|600||on|||||&#8220; custom_margin=&#8220;||-60px|&#8220; custom_padding=&#8220;20px|30px|20px|30px|true|true&#8220; animation_style=&#8220;zoom&#8220;][\/et_pb_button][\/et_pb_column][\/et_pb_row][\/et_pb_section]<\/p>\n","protected":false},"excerpt":{"rendered":"<p>Herzlich Willkommen, &nbsp;auf der Webseite des F\u00f6rdervereines Sch\u00f6nfeld! &nbsp; Seit 1994 wird der Jordanhof vom F\u00f6rderverein Sch\u00f6nfeld verwaltet. Hier finden Sie alle Informationen rund um die R\u00e4umlichkeiten des Jordanhof, Veranstaltungen, Mietpreise, Chronik und Vereinsorganisation.MietenR\u00e4umlichkeiten &amp; Mietpreise &nbsp;Ob f\u00fcr die Geburtstagsparty, die Jubil\u00e4umsfeier oder auch f\u00fcr die standesamtliche Hochzeit: der Jordanhof bietet mit seinem baulichen Charme [&hellip;]<\/p>\n","protected":false},"author":1,"featured_media":0,"parent":0,"menu_order":0,"comment_status":"closed","ping_status":"open","template":"","meta":{"_et_pb_use_builder":"on","_et_pb_old_content":"<!-- wp:paragraph -->\r\n<p>This is an example page. It's different from a blog post because it will stay in one place and will show up in your site navigation (in most themes). Most people start with an About page that introduces them to potential site visitors. It might say something like this:<\/p>\r\n<!-- \/wp:paragraph -->\r\n\r\n<!-- wp:quote -->\r\n<blockquote class=\"wp-block-quote\"><p>Hi there! I'm a bike messenger by day, aspiring actor by night, and this is my website. I live in Los Angeles, have a great dog named Jack, and I like pi\u00f1a coladas. (And gettin' caught in the rain.)<\/p><\/blockquote>\r\n<!-- \/wp:quote -->\r\n\r\n<!-- wp:paragraph -->\r\n<p>...or something like this:<\/p>\r\n<!-- \/wp:paragraph -->\r\n\r\n<!-- wp:quote -->\r\n<blockquote class=\"wp-block-quote\"><p>The XYZ Doohickey Company was founded in 1971, and has been providing quality doohickeys to the public ever since. Located in Gotham City, XYZ employs over 2,000 people and does all kinds of awesome things for the Gotham community.<\/p><\/blockquote>\r\n<!-- \/wp:quote -->\r\n\r\n<!-- wp:paragraph -->\r\n<p>As a new WordPress user, you should go to <a href=\"https:\/\/jordanhof.at\/backend_anmelden\/wp-admin\/\">your dashboard<\/a> to delete this page and create new pages for your content. Have fun!<\/p>\r\n<!-- \/wp:paragraph -->","_et_gb_content_width":""},"_links":{"self":[{"href":"https:\/\/jordanhof.at\/index.php\/wp-json\/wp\/v2\/pages\/2"}],"collection":[{"href":"https:\/\/jordanhof.at\/index.php\/wp-json\/wp\/v2\/pages"}],"about":[{"href":"https:\/\/jordanhof.at\/index.php\/wp-json\/wp\/v2\/types\/page"}],"author":[{"embeddable":true,"href":"https:\/\/jordanhof.at\/index.php\/wp-json\/wp\/v2\/users\/1"}],"replies":[{"embeddable":true,"href":"https:\/\/jordanhof.at\/index.php\/wp-json\/wp\/v2\/comments?post=2"}],"version-history":[{"count":110,"href":"https:\/\/jordanhof.at\/index.php\/wp-json\/wp\/v2\/pages\/2\/revisions"}],"predecessor-version":[{"id":1352,"href":"https:\/\/jordanhof.at\/index.php\/wp-json\/wp\/v2\/pages\/2\/revisions\/1352"}],"wp:attachment":[{"href":"https:\/\/jordanhof.at\/index.php\/wp-json\/wp\/v2\/media?parent=2"}],"curies":[{"name":"wp","href":"https:\/\/api.w.org\/{rel}","templated":true}]}}